	{"id":8950,"date":"2022-08-29T11:31:23","date_gmt":"2022-08-29T08:31:23","guid":{"rendered":"https:\/\/iscomgrup.com\/iscom\/?page_id=8950"},"modified":"2022-09-12T11:13:02","modified_gmt":"2022-09-12T08:13:02","slug":"cerez-politikasi","status":"publish","type":"page","link":"https:\/\/iscomgrup.com\/iscom\/cerez-politikasi\/","title":{"rendered":"\u00c7erez Politikas\u0131"},"content":{"rendered":"\t\t<div data-elementor-type=\"wp-page\" data-elementor-id=\"8950\" class=\"elementor elementor-8950\">\n\t\t\t\t\t\t<section class=\" elementor-section elementor-top-section elementor-element elementor-element-48356b8 elementor-section-boxed elementor-section-height-default elementor-section-height-default\" data-id=\"48356b8\" data-element_type=\"section\">\n\t\t\t\t\t\t<div class=\"elementor-container elementor-column-gap-no\">\n\t\t\t\t\t<div class=\"elementor-column elementor-col-100 elementor-top-column elementor-element elementor-element-84e144b\" data-id=\"84e144b\" data-element_type=\"column\">\n\t\t\t<div class=\"elementor-widget-wrap elementor-element-populated\">\n\t\t\t\t\t\t<div class=\"elementor-element elementor-element-c0bb080 elementor-widget elementor-widget-spacer\" data-id=\"c0bb080\" data-element_type=\"widget\" data-widget_type=\"spacer.default\">\n\t\t\t\t<div class=\"elementor-widget-container\">\n\t\t\t\t\t\t\t<div class=\"elementor-spacer\">\n\t\t\t<div class=\"elementor-spacer-inner\"><\/div>\n\t\t<\/div>\n\t\t\t\t\t\t<\/div>\n\t\t\t\t<\/div>\n\t\t\t\t<div class=\"elementor-element elementor-element-17c5b32 elementor-widget elementor-widget-rodio_heading\" data-id=\"17c5b32\" data-element_type=\"widget\" data-widget_type=\"rodio_heading.default\">\n\t\t\t\t<div class=\"elementor-widget-container\">\n\t\t\t\t\t\t<div class=\"heading normal\">\n        \u00c7erez Politikas\u0131    <\/div>\n\t\t\t\t\t<\/div>\n\t\t\t\t<\/div>\n\t\t\t\t<div class=\"elementor-element elementor-element-00febd9 elementor-widget elementor-widget-text-editor\" data-id=\"00febd9\" data-element_type=\"widget\" data-widget_type=\"text-editor.default\">\n\t\t\t\t<div class=\"elementor-widget-container\">\n\t\t\t\t\t\t\t\t\t<p>Iscom Grup, bu sitede \u00e7erezlerin kullan\u0131m\u0131na izin verir. Bu siteyi kullanarak, hem \u00e7erez hem de kullan\u0131c\u0131 s\u00f6zle\u015fmesi ko\u015fullar\u0131n\u0131 kabul etmi\u015f say\u0131l\u0131rs\u0131n\u0131z.<\/p><p>\u00a0<\/p><p><strong>\u00c7erezler Hakk\u0131nda<\/strong><\/p><p>\u00c7erez, bir web sitesini ziyaret etti\u011finizde, cihaz\u0131n\u0131za depolanan k\u00fc\u00e7\u00fck bir metin ya da g\u00f6rsel dosyas\u0131d\u0131r. \u00c7erezler, Iscom Grup web sitelerini ilk ziyaretiniz s\u0131ras\u0131nda taray\u0131c\u0131n\u0131z arac\u0131l\u0131\u011f\u0131 ile cihaz\u0131n\u0131za depolan\u0131r. Ba\u011fland\u0131\u011f\u0131n\u0131z cihaza g\u00f6re (bilgisayar, tablet, cep telefonu vb.) depolanan \u00e7erez de\u011fi\u015fiklik g\u00f6sterecektir. Iscom grup sitesini, ayn\u0131 cihazla tekrar ziyaret etti\u011finizde, taray\u0131c\u0131n\u0131z, kay\u0131tl\u0131 bir \u00e7erez olup olmad\u0131\u011f\u0131n\u0131 kontrol eder. E\u011fer kay\u0131t var ise, kayd\u0131n i\u00e7indeki veriyi ziyaret etmekte oldu\u011funuz web sitesine iletir. Bu sayede web sitesi, sizin siteyi daha \u00f6nce ziyaret etti\u011finizi alg\u0131lar ve bu y\u00f6nde bildirim elde etmeniz sa\u011flan\u0131r.<\/p><p>Ba\u011flant\u0131 kurdu\u011funuz her bir web taray\u0131c\u0131s\u0131n\u0131n \u00e7erez uygulama y\u00f6ntemleri farkl\u0131d\u0131r. \u0130nternet taray\u0131c\u0131n\u0131z\u0131n \u00e7erez kullan\u0131m \u015fekilleri hakk\u0131nda detayl\u0131 bilgi almak i\u00e7in \u201cyard\u0131m\u201d sekmelerini kullanabilir, detayl\u0131 bilgi alabilirsiniz.<\/p><p>\u00a0<\/p><p><strong>\u00c7erezler Ne Ama\u00e7la Kullan\u0131l\u0131r?<\/strong><\/p><p>\u00c7erezler ya da \u0130ngilizce ad\u0131 ile Cookies, Iscom Grup sitelerinin kullan\u0131m\u0131n\u0131 kolayla\u015ft\u0131rmak, hizmetlerin ilgi ve ihtiya\u00e7lar do\u011frultusunda y\u00f6nlendirmesini yapmak ve kullan\u0131c\u0131lara \u00f6zelle\u015ftirilmi\u015f bir deneyim sunmak amac\u0131 ile kullan\u0131l\u0131r. Ayn\u0131 zamanda www.iscomgrup.com\u00a0sitesinin ve ba\u011fl\u0131 bulundu\u011fu di\u011fer sitelerin nas\u0131l kullan\u0131ld\u0131\u011f\u0131n\u0131, kullan\u0131c\u0131lar\u0131n hangi sayfalarda daha \u00e7ok vakit ge\u00e7irdi\u011fini anlamam\u0131za yard\u0131m eder. Bu toplu veriler, isimsizdir ve yaln\u0131zca istatistiki ama\u00e7lar i\u00e7in kullan\u0131l\u0131r.<\/p><p>\u00a0<\/p><p><strong>Iscom Grup \u00c7erezleri<\/strong><\/p><p>Iscom Grup, www.iscomgrup.com\u00a0web sitesinde ve ba\u011fl\u0131 \u015firket web sitelerinde her iki t\u00fcr \u00e7ereze de (Kal\u0131c\u0131 ve Oturum) yer verir. Kal\u0131c\u0131 ve oturum \u00e7erezlerine ek olarak, a\u015fa\u011f\u0131daki \u00e7erez t\u00fcrlerinin kullan\u0131m\u0131n\u0131 da Iscom Grup sakl\u0131 tutar.<\/p><ul><li>Kampanya sayfalar\u0131 \u00e7erezleri<\/li><li>Disclaimer sayfa \u00e7erezleri<\/li><li>Dil se\u00e7im \u00e7erezi<\/li><li>Google Analytics \u00e7erezi<\/li><li>Sosyal mecra \u00e7erezleri (Facebook, Google Plus, LinkedIn, Twitter, Instagram ya da benzeri)<\/li><li>Youtube video \u00e7erezleri<\/li><\/ul><p><strong>\u00a0<\/strong><\/p><p><strong>Google Analytics<\/strong><\/p><p>Iscom Grup, Google Inc. Taraf\u0131ndan sunulan analiz setlerine web sitesinde yer vermektedir. Google, Iscom Grup web sitesi i\u00e7in analiz \u00e7erezleri belirler ve bu \u00e7erezler sayesinde aktivite raporlamalar\u0131 \u00e7\u0131kar\u0131r.<\/p><p>Google, Iscom Grup web sitesinden alm\u0131\u015f oldu\u011fu verileri depolar. Google, yasal mevzuatlardan dolay\u0131 bu verileri 3. parti kurulu\u015flar ile payla\u015fmak durumunda kald\u0131\u011f\u0131 zamanlardaki hakk\u0131n\u0131 sakl\u0131 tutar. Google\u2019\u0131n gizlilik ko\u015fullar\u0131 i\u00e7in detayl\u0131 bilgi i\u00e7in https:\/\/policies.google.com\/privacy\u00a0adresini ziyaret edebilirsiniz.<\/p><p>\u00a0<\/p><p><strong>Di\u011fer \u00c7erez T\u00fcrleri<\/strong><\/p><p><strong>Performans \u00c7erezleri:\u00a0<\/strong> Iscom Grup web sitelerinde ya da di\u011fer web sitelerinde nerelerde gezdi\u011finiz ve neler yapt\u0131\u011f\u0131n\u0131z hakk\u0131nda isimsiz toplu veri aktar\u0131m\u0131 sa\u011flar. Kal\u0131c\u0131 \u00e7erez t\u00fcrlerindendir.<\/p><p><strong>\u0130\u015flevsellik \u00c7erezleri:\u00a0<\/strong>Yorumlar\u0131, oylamalar\u0131, sayfalar\u0131, yer imlerini ya da payla\u015ft\u0131\u011f\u0131n\u0131z i\u00e7erikleri g\u00f6rmemizi sa\u011flayan \u00e7erez t\u00fcrleridir. \u00dc\u00e7\u00fcnc\u00fc parti \u00e7erezleridir ve oturum bazl\u0131 olarak de\u011ferlendirilmektedir. Sosyal medya \u00e7erezleri de bu \u00e7erez grubunda de\u011ferlendirilir.<\/p><p><strong>\u00c7al\u0131\u015fan Portal\u0131 \u00c7erezleri: <\/strong>Tercihlerinizi, giri\u015f bilgilerinizi ve ilgilendi\u011finiz pozisyonlar\u0131 o andaki ve gelecekteki ziyaretleriniz i\u00e7in hat\u0131rlayan \u00e7erezdir. Kal\u0131c\u0131 \u00e7erez t\u00fcrlerindendir.<\/p><p><strong>Hedefleme\/Reklam \u00c7erezleri:\u00a0<\/strong>Ziyaret\u00e7iler hakk\u0131nda, bir Iscom Grup web sitesinden \u00f6nce ve sonra ziyaret edilen siteler gibi isimsiz bilgilerin topland\u0131\u011f\u0131 \u00e7erez t\u00fcr\u00fcd\u00fcr. Kal\u0131c\u0131, oturum ya da \u00fc\u00e7\u00fcnc\u00fc parti \u00e7erez t\u00fcrleri aras\u0131nda yer almaktad\u0131r.<\/p><p><strong>Zengin Medya \u00c7erezleri:\u00a0<\/strong> Iscom Grup ve ortaklar\u0131n\u0131n web sitelerinde, video oynatma, \u00e7evrimi\u00e7i etkile\u015fime ge\u00e7me ya da dosya indirme gibi faaliyetler i\u00e7in kullan\u0131lan \u00e7erezlerdir. Youtube \u00e7erezleri, bu grupta de\u011ferlendirilmektedir.<\/p><p>\u00a0<\/p><p><strong>\u00c7erezler Nas\u0131l Kullan\u0131l\u0131yor?<\/strong><\/p><p>Ziyaret etti\u011finiz sayfalar, piksel etiketleri arac\u0131l\u0131\u011f\u0131 ile kullan\u0131larak, tan\u0131t\u0131m faaliyetlerimiz ya da web site optimizasyon \u00e7al\u0131\u015fmalar\u0131m\u0131z i\u00e7in kullan\u0131labilir veriler olu\u015fturur. Bu sayede gelen ziyaret\u00e7ilerin davran\u0131\u015flar\u0131n\u0131 anlamam\u0131zda bize yard\u0131mc\u0131 olur. Iscom Grup \u00a0web sitelerini ziyaret etti\u011finizde, bu web sitesi \u00e7erezlerini al\u0131rs\u0131n\u0131z. Bu \u00e7erezler ki\u015fisel kullan\u0131m al\u0131\u015fkanl\u0131klar\u0131n\u0131z\u0131 al\u0131r, ancak kimlik bilgilerinize eri\u015fim hakk\u0131 yoktur.<\/p><p>\u00a0<\/p><p><strong>\u00c7erezleri Nas\u0131l Kontrol Edebilirim?<\/strong><\/p><p>Bir\u00e7ok internet taray\u0131c\u0131s\u0131, varsay\u0131lan olarak \u00e7erezleri otomatik olarak kabul etmeye ayarl\u0131d\u0131r. Iscom Grup web sitelerine eri\u015fti\u011finizde, bu \u00e7erezlerin kullan\u0131m\u0131na da izin vermi\u015f olursunuz. \u00c7erez\/Cookie y\u00f6netiminin birka\u00e7 yolu bulunmaktad\u0131r. Taray\u0131c\u0131 ayarlar\u0131n\u0131z vas\u0131tas\u0131yla bu kullan\u0131mlar\u0131 d\u00fczenleyebilir, piksel al\u0131mlar\u0131n\u0131 durdurabilirsiniz.<\/p><p>E\u011fer \u00e7erez kullan\u0131m\u0131n\u0131 devre d\u0131\u015f\u0131 b\u0131rak\u0131rsan\u0131z, bu eylem\u00a0 Iscom Grup sitelerindeki kullan\u0131c\u0131 deneyiminizi etkileyebilir. \u00d6rne\u011fin; sizin i\u00e7in olu\u015fturulmu\u015f \u00f6zel tekliflerden mahrum kalabilir, sitenin belirli yerlerine eri\u015fim sa\u011flayamayabilirsiniz.<\/p><p>Iscom Grup web sitelerine giri\u015f yapt\u0131\u011f\u0131n\u0131z her bir cihaz i\u00e7in, e\u015fsiz bir piksel kodu olu\u015fturulur. Bu nedenle cihazlar\u0131n\u0131z\u0131n her birindeki taray\u0131c\u0131 tercihlerini ayarlaman\u0131z, eri\u015fim sa\u011flama\/engelleme ayarlar\u0131n\u0131 de\u011fi\u015ftirmeniz gerekmektedir.<\/p><p>\u00a0<\/p><p><strong>\u0130leti\u015fim Bilgileri<\/strong><\/p><p>Yukar\u0131da belirtilen bilgiler ile ilgili sorular\u0131n\u0131z\u0131, Iscom Grup G\u00fcvenlik Hizmetleri ileti\u015fim hatt\u0131 \u00fczerinden sorabilirsiniz. Bunun i\u00e7in info@iscomgrup.com adresine \u201cIscom Grup \u00c7erez Kullan\u0131m Hakk\u0131\u201d ba\u015fl\u0131kl\u0131 bir mail atman\u0131z yeterlidir. En k\u0131sa s\u00fcrede taraf\u0131n\u0131za d\u00f6n\u00fc\u015f sa\u011flanacakt\u0131r.<\/p>\t\t\t\t\t\t\t\t<\/div>\n\t\t\t\t<\/div>\n\t\t\t\t<div class=\"elementor-element elementor-element-fd2783e elementor-widget elementor-widget-spacer\" data-id=\"fd2783e\" data-element_type=\"widget\" data-widget_type=\"spacer.default\">\n\t\t\t\t<div class=\"elementor-widget-container\">\n\t\t\t\t\t\t\t<div class=\"elementor-spacer\">\n\t\t\t<div class=\"elementor-spacer-inner\"><\/div>\n\t\t<\/div>\n\t\t\t\t\t\t<\/div>\n\t\t\t\t<\/div>\n\t\t\t\t\t<\/div>\n\t\t<\/div>\n\t\t\t\t\t<\/div>\n\t\t<\/section>\n\t\t\t\t<\/div>\n\t\t","protected":false},"excerpt":{"rendered":"<p>\u00c7erez Politikas\u0131 Iscom Grup, bu sitede \u00e7erezlerin kullan\u0131m\u0131na izin verir. Bu siteyi kullanarak, hem \u00e7erez hem de kullan\u0131c\u0131 s\u00f6zle\u015fmesi ko\u015fullar\u0131n\u0131 kabul etmi\u015f say\u0131l\u0131rs\u0131n\u0131z. \u00a0 \u00c7erezler Hakk\u0131nda \u00c7erez, bir web sitesini ziyaret etti\u011finizde, cihaz\u0131n\u0131za depolanan k\u00fc\u00e7\u00fck bir metin ya da g\u00f6rsel dosyas\u0131d\u0131r. \u00c7erezler, Iscom Grup web sitelerini ilk ziyaretiniz s\u0131ras\u0131nda taray\u0131c\u0131n\u0131z arac\u0131l\u0131\u011f\u0131 ile cihaz\u0131n\u0131za depolan\u0131r. Ba\u011fland\u0131\u011f\u0131n\u0131z [&hellip;]<\/p>\n","protected":false},"author":1,"featured_media":0,"parent":0,"menu_order":0,"comment_status":"closed","ping_status":"closed","template":"","meta":{"_acf_changed":false,"om_disable_all_campaigns":false,"_monsterinsights_skip_tracking":false,"_monsterinsights_sitenote_active":false,"_monsterinsights_sitenote_note":"","_monsterinsights_sitenote_category":0,"footnotes":""},"class_list":["post-8950","page","type-page","status-publish","hentry"],"acf":[],"aioseo_notices":[],"_links":{"self":[{"href":"https:\/\/iscomgrup.com\/iscom\/wp-json\/wp\/v2\/pages\/8950","targetHints":{"allow":["GET"]}}],"collection":[{"href":"https:\/\/iscomgrup.com\/iscom\/wp-json\/wp\/v2\/pages"}],"about":[{"href":"https:\/\/iscomgrup.com\/iscom\/wp-json\/wp\/v2\/types\/page"}],"author":[{"embeddable":true,"href":"https:\/\/iscomgrup.com\/iscom\/wp-json\/wp\/v2\/users\/1"}],"replies":[{"embeddable":true,"href":"https:\/\/iscomgrup.com\/iscom\/wp-json\/wp\/v2\/comments?post=8950"}],"version-history":[{"count":24,"href":"https:\/\/iscomgrup.com\/iscom\/wp-json\/wp\/v2\/pages\/8950\/revisions"}],"predecessor-version":[{"id":9162,"href":"https:\/\/iscomgrup.com\/iscom\/wp-json\/wp\/v2\/pages\/8950\/revisions\/9162"}],"wp:attachment":[{"href":"https:\/\/iscomgrup.com\/iscom\/wp-json\/wp\/v2\/media?parent=8950"}],"curies":[{"name":"wp","href":"https:\/\/api.w.org\/{rel}","templated":true}]}}