	{"id":8940,"date":"2022-08-29T11:28:09","date_gmt":"2022-08-29T08:28:09","guid":{"rendered":"https:\/\/iscomgrup.com\/iscom\/?page_id=8940"},"modified":"2022-09-12T11:48:32","modified_gmt":"2022-09-12T08:48:32","slug":"kvkk","status":"publish","type":"page","link":"https:\/\/iscomgrup.com\/iscom\/kvkk\/","title":{"rendered":"KVKK Ayd\u0131nlatma Metni"},"content":{"rendered":"\t\t<div data-elementor-type=\"wp-page\" data-elementor-id=\"8940\" class=\"elementor elementor-8940\">\n\t\t\t\t\t\t<section class=\" elementor-section elementor-top-section elementor-element elementor-element-48356b8 elementor-section-boxed elementor-section-height-default elementor-section-height-default\" data-id=\"48356b8\" data-element_type=\"section\">\n\t\t\t\t\t\t<div class=\"elementor-container elementor-column-gap-no\">\n\t\t\t\t\t<div class=\"elementor-column elementor-col-100 elementor-top-column elementor-element elementor-element-84e144b\" data-id=\"84e144b\" data-element_type=\"column\">\n\t\t\t<div class=\"elementor-widget-wrap elementor-element-populated\">\n\t\t\t\t\t\t<div class=\"elementor-element elementor-element-c0bb080 elementor-widget elementor-widget-spacer\" data-id=\"c0bb080\" data-element_type=\"widget\" data-widget_type=\"spacer.default\">\n\t\t\t\t<div class=\"elementor-widget-container\">\n\t\t\t\t\t\t\t<div class=\"elementor-spacer\">\n\t\t\t<div class=\"elementor-spacer-inner\"><\/div>\n\t\t<\/div>\n\t\t\t\t\t\t<\/div>\n\t\t\t\t<\/div>\n\t\t\t\t<div class=\"elementor-element elementor-element-17c5b32 elementor-widget elementor-widget-rodio_heading\" data-id=\"17c5b32\" data-element_type=\"widget\" data-widget_type=\"rodio_heading.default\">\n\t\t\t\t<div class=\"elementor-widget-container\">\n\t\t\t\t\t\t<div class=\"heading normal\">\n        KVKK Ayd\u0131nlatma Metni    <\/div>\n\t\t\t\t\t<\/div>\n\t\t\t\t<\/div>\n\t\t\t\t<div class=\"elementor-element elementor-element-00febd9 elementor-widget elementor-widget-text-editor\" data-id=\"00febd9\" data-element_type=\"widget\" data-widget_type=\"text-editor.default\">\n\t\t\t\t<div class=\"elementor-widget-container\">\n\t\t\t\t\t\t\t\t\t<p><strong>G\u0130ZL\u0130L\u0130K S\u00d6ZLE\u015eMES\u0130 K\u0130\u015e\u0130SEL VER\u0130LER\u0130N KORUNMASI KANUNU(6698 S.K.) KAPSAMI VE GENEL G\u0130ZL\u0130L\u0130K S\u00d6ZLE\u015eMES\u0130<\/strong><\/p><p><strong>\u00a0<\/strong><\/p><p><strong>1. TARAFLAR <\/strong><\/p><p>Bir tarafta \u00d6ZALP \u00d6ZEL G\u00dcVENL\u0130K E\u011e\u0130T\u0130M VE H\u0130ZMETLER\u0130 L\u0130M\u0130TED \u015e\u0130RKET\u0130 (bu s\u00f6zle\u015fmede k\u0131saca \u201c\u0130\u015eVEREN\u201d olarak an\u0131lacakt\u0131r.) Di\u011fer tarafta, veri payla\u015f\u0131lan, m\u00fc\u015fteriler ve tedarik\u00e7iler ile \u00fcr\u00fcn servisleri, distrib\u00fct\u00f6rler, bayiler, \u00e7al\u0131\u015fanlar, \u00e7al\u0131\u015fan adaylar\u0131, stajyerler, servis sa\u011flay\u0131c\u0131lar\u0131 ve dan\u0131\u015fmanlar (bu s\u00f6zle\u015fmede k\u0131saca \u201c\u00c7ALI\u015eANLAR VE D\u0130\u011eERLER\u0130\u201d olarak an\u0131lacakt\u0131r.) aralar\u0131nda a\u015fa\u011f\u0131daki ko\u015fullarda anla\u015fm\u0131\u015flard\u0131r.<\/p><p>\u00a0<\/p><p><strong>2. S\u00d6ZLE\u015eMEN\u0130N KONUSU<\/strong><\/p><p>Taraflar aras\u0131ndan akdedilen yaz\u0131l\u0131 veya s\u00f6zl\u00fc hizmet s\u00f6zle\u015fmesinin (bundan b\u00f6yle \u201cH\u0130ZMET S\u00d6ZLE\u015eMES\u0130\u201d olarak an\u0131lacakt\u0131r.) eki niteli\u011findeki i\u015fbu s\u00f6zle\u015fmenin konusu, hizmet s\u00f6zle\u015fmesi kapsam\u0131nda i\u015f\u00e7iler ve di\u011ferleri taraf\u0131ndan y\u00fcr\u00fct\u00fclen \u00e7al\u0131\u015fmalar ile ilgili olarak i\u015f\u00e7iler ve di\u011ferlerine i\u015fveren (Veri Sorumlusu) taraf\u0131ndan verilen bilgi ve belgelerin i\u015fverenin onay\u0131 veya i\u015f\u00e7iler ve di\u011ferlerinin a\u00e7\u0131k r\u0131za beyan\u0131 olmaks\u0131z\u0131n ki\u015fisel verilerin, \u00f6zel nitelikli ki\u015fisel verilerin ve genel verilerin herhangi bir \u00fc\u00e7\u00fcnc\u00fc ger\u00e7ek ve\/veya t\u00fczel ki\u015fiye a\u00e7\u0131klanmas\u0131n\u0131n, eri\u015fmesinin, verilmesinin, s\u0131zd\u0131r\u0131lmas\u0131n\u0131n \u00f6n\u00fcne ge\u00e7ecek olan gizlili\u011fin s\u0131n\u0131rlar\u0131n\u0131n ve ko\u015fullar\u0131n\u0131n belirlenmesidir.<\/p><p>\u00a0<\/p><p><strong>3. G\u0130ZL\u0130 B\u0130LG\u0130N\u0130N TANIMI <\/strong><\/p><p>Ki\u015fisel Verilerin Korunmas\u0131 Kanunu kapsam\u0131nda tan\u0131m\u0131n\u0131 bulan ki\u015fiye ait bilgiler ile Kimli\u011fi belirli veya belirlenebilir ger\u00e7ek ki\u015fiye ili\u015fkin her t\u00fcrl\u00fc bilgi, Kimli\u011fi belirli veya belirlenebilir ger\u00e7ek ki\u015fiye ili\u015fkin her t\u00fcrl\u00fc sa\u011fl\u0131k bilgisi, Ki\u015filerin \u0131rk\u0131, etnik k\u00f6keni, siyasi d\u00fc\u015f\u00fcncesi, felsefi inanc\u0131, dini, mezhebi veya di\u011fer inan\u00e7lar\u0131, k\u0131l\u0131k ve k\u0131yafeti, dernek, vak\u0131f ya da sendika \u00fcyeli\u011fi, sa\u011fl\u0131\u011f\u0131, cinsel hayat\u0131, ceza mahk\u00fbmiyeti ve g\u00fcvenlik tedbirleriyle ilgili verileri ile biyometrik ve genetik veriler. Hizmet s\u00f6zle\u015fmesinde tan\u0131mlanan i\u015fler\/g\u00f6revler\/hizmetler esnas\u0131nda i\u015fveren taraf\u0131ndan i\u015f\u00e7iye a\u00e7\u0131klanan fikir, proje, uzmanl\u0131k bilgileri, tasar\u0131m, bulu\u015f, i\u015f metodu ve patent, telif hakk\u0131, marka, ticari s\u0131r, know how ya da di\u011fer yasal korunmaya konu olan ya da olmayan her t\u00fcrl\u00fc yenilik ve \u00e7al\u0131\u015fma esnas\u0131nda \u00f6\u011frenilecek yaz\u0131l\u0131 veya s\u00f6zl\u00fc t\u00fcm ticari, mali, teknik bilgiler ve ileti\u015fim y\u00f6ntemleri gizli bilgi olarak kabul edilir.<\/p><p>\u00a0<\/p><p><strong>4. TARAFLARIN Y\u00dcK\u00dcML\u00dcL\u00dcKLER\u0130<\/strong><\/p><p>4.1. \u0130\u015fveren hizmet s\u00f6zle\u015fmesi kapsam\u0131nda i\u015f\u00e7iye i\u015fini tam ve eksiksiz olarak yerine getirebilmesi ve gerekli her t\u00fcrl\u00fc bilgi ve belgeyi i\u015f\u00e7iye vermeyi taahh\u00fct eder.<\/p><p>4.2. \u0130\u015fveren i\u015f\u00e7iye ve di\u011ferlerine a\u00e7\u0131klanan gizli bilgilerin eksik ya da hatal\u0131 olmas\u0131 sebebiyle ortaya \u00e7\u0131kabilecek olan eksiklik, gecikme veya aksakl\u0131klardan dolay\u0131 i\u015f\u00e7inin sorumlu tutulamayaca\u011f\u0131n\u0131 kabul ve taahh\u00fct eder.<\/p><p>4.3. \u0130\u015f\u00e7i ve di\u011ferlerine i\u015fveren taraf\u0131ndan kendisine a\u00e7\u0131klanan bilgi ve belgelerin gizli oldu\u011funu bildi\u011fini ve bu nedenle s\u00f6z konusu gizli bilgileri sadece kendisinin bilece\u011fini ve i\u015fin yerine getirilmesi a\u015famas\u0131nda katk\u0131da bulunmas\u0131 muhtemel \u00fc\u00e7\u00fcnc\u00fc ki\u015fi, kurum ya da kurulu\u015flar\u0131n gizli bilgilerden sadece i\u015fin gere\u011fi kadar haberdar olacaklar\u0131n\u0131, i\u015fbu bilgi ve belgelerin hi\u00e7bir \u015fekilde i\u015fverenin izni olmaks\u0131z\u0131n \u00fc\u00e7\u00fcnc\u00fc ger\u00e7ek ve\/veya t\u00fczel ki\u015fi ve kurulu\u015flara \u00e7al\u0131\u015fma ama\u00e7lar\u0131 d\u0131\u015f\u0131nda a\u00e7\u0131klanmayaca\u011f\u0131n\u0131 kabul ve taahh\u00fct eder.<\/p><p>4.4. \u0130\u015f\u00e7i ve di\u011ferleri i\u015fin yerine getirilmesi a\u015famas\u0131nda katk\u0131da bulunmas\u0131 muhtemel \u00fc\u00e7\u00fcnc\u00fc ki\u015fi, kurum ya da kurulu\u015flar\u0131n i\u015fbu s\u00f6zle\u015fmede \u00f6ng\u00f6r\u00fclen gizlilik ilkelerine ayk\u0131r\u0131 davran\u0131\u015flar\u0131ndan dolay\u0131 sorumlu olaca\u011f\u0131n\u0131, s\u00f6z konusu \u00fc\u00e7\u00fcnc\u00fc ki\u015fi, kurum ya da kurulu\u015flar\u0131n gizlilik ilkelerine riayet edece\u011fini, ayk\u0131r\u0131l\u0131k hallerinden haberdar oldu\u011fu takdirde, derhal ve yaz\u0131l\u0131 olarak i\u015fverene s\u00f6z konusu ayk\u0131r\u0131l\u0131k durumunu bildirece\u011fini kabul ve taahh\u00fct eder.<\/p><p>4.5. Gizli bilgilerin ve ki\u015fisel verilerin i\u015fbu s\u00f6zle\u015fmeye ayk\u0131r\u0131 olarak a\u00e7\u0131klanmas\u0131, eri\u015filmesine imkan sa\u011flanmas\u0131, s\u0131zd\u0131r\u0131lmas\u0131 veya benzeri davran\u0131\u015flarla bilgilerin ele ge\u00e7irilmesine ortam sa\u011flanmas\u0131 halinde i\u015fveren, masraflar\u0131 i\u015f\u00e7iye ait olmak kayd\u0131yla t\u00fcm yasal yollara ba\u015fvurma ve u\u011frad\u0131\u011f\u0131 her t\u00fcrl\u00fc zarar\u0131n gideriminim i\u015f\u00e7iden ve di\u011ferlerinden talep etme hakk\u0131na sahiptir.<\/p><p>\u00a0<\/p><p><strong>5. S\u00dcRE<\/strong><\/p><p>5.1. Hizmet s\u00f6zle\u015fmesinin eki niteli\u011findeki i\u015fbu s\u00f6zle\u015fme, taraflarca imzaland\u0131\u011f\u0131 tarihte y\u00fcr\u00fcrl\u00fc\u011fe girecek olup, i\u015fbu s\u00f6zle\u015fmeden do\u011fan y\u00fck\u00fcml\u00fcl\u00fckler hizmet s\u00f6zle\u015fmesinin ge\u00e7erlili\u011fini korudu\u011fu m\u00fcddet\u00e7e devam edecektir.<\/p><p>5.2. Hizmet s\u00f6zle\u015fmesinin sona ermesi halinde dahi i\u015fbu s\u00f6zle\u015fme, hizmet s\u00f6zle\u015fmesinin sona erme tarihinden itibaren i\u015fletmeye ve \u00fcr\u00fcnlere ait bilgiler ile ki\u015fisel verilerin anonim hale getirilmi\u015f olanlar\u0131 ve i\u015fverenli\u011fin izni olan bilgiler hari\u00e7 ve ki\u015fisel veri sahibinin r\u0131zas\u0131 hari\u00e7 ki\u015fisel verilerin s\u00fcresiz olarak gizlili\u011fi ve korunmas\u0131 olarak ge\u00e7erlili\u011fini koruyacakt\u0131r.<\/p><p>\u00a0<\/p><p><strong>6. S\u00d6ZLE\u015eME DE\u011e\u0130\u015e\u0130KL\u0130\u011e\u0130<\/strong><\/p><p>\u0130\u015fbu s\u00f6zle\u015fme taraflarca daha \u00f6nce \u00f6zellikle gizlilik konusunda yap\u0131lm\u0131\u015f olabilecek yaz\u0131l\u0131 ve\/veya s\u00f6zl\u00fc t\u00fcm s\u00f6zle\u015fmelerin (burada say\u0131lmam\u0131\u015f bilgiler ve patent ve benzeri bulu\u015f s\u00f6zle\u015fmeleri hari\u00e7) yerine ge\u00e7er. S\u00f6zle\u015fme de\u011fi\u015fiklikleri ancak yaz\u0131l\u0131 yap\u0131labilir.<\/p><p>\u00a0<\/p><p><strong>7. TEBL\u0130GAT<\/strong><\/p><p>Taraflar\u0131n i\u015fbu s\u00f6zle\u015fmenin at\u0131fta bulundu\u011fu s\u00f6zle\u015fmelerde, belge ve metinlerde belirttikleri <em><strong>F\u0131rat mah.553.sokak.Tanlar \u015eehri Teras B-Blok No:2B. \u0130\u00e7 Kap\u0131 No:43 Kayap\u0131nar D\u0130YARBAKIR <\/strong><\/em><em>tebligata<\/em> elveri\u015fli\u00a0 olup herhangi bir de\u011fi\u015fiklik kar\u015f\u0131 tarafa yaz\u0131l\u0131 olarak bildirilmemi\u015f ise \u00a0bu tebligatlar hukuken ge\u00e7erli addolunacakt\u0131r.<\/p><p>\u00a0<\/p><p><strong>8. Y\u00dcR\u00dcRL\u00dcK<\/strong><\/p><p>\u0130\u015fbu s\u00f6zle\u015fme 8 (sekiz) maddeden olu\u015fmakta olup taraflar aras\u0131nda d\u00fczenlenmi\u015f \u00f6zg\u00fcr iradeleriyle okunup kabul edilmi\u015ftir.<\/p>\t\t\t\t\t\t\t\t<\/div>\n\t\t\t\t<\/div>\n\t\t\t\t<div class=\"elementor-element elementor-element-fd2783e elementor-widget elementor-widget-spacer\" data-id=\"fd2783e\" data-element_type=\"widget\" data-widget_type=\"spacer.default\">\n\t\t\t\t<div class=\"elementor-widget-container\">\n\t\t\t\t\t\t\t<div class=\"elementor-spacer\">\n\t\t\t<div class=\"elementor-spacer-inner\"><\/div>\n\t\t<\/div>\n\t\t\t\t\t\t<\/div>\n\t\t\t\t<\/div>\n\t\t\t\t\t<\/div>\n\t\t<\/div>\n\t\t\t\t\t<\/div>\n\t\t<\/section>\n\t\t\t\t<\/div>\n\t\t","protected":false},"excerpt":{"rendered":"<p>KVKK Ayd\u0131nlatma Metni G\u0130ZL\u0130L\u0130K S\u00d6ZLE\u015eMES\u0130 K\u0130\u015e\u0130SEL VER\u0130LER\u0130N KORUNMASI KANUNU(6698 S.K.) KAPSAMI VE GENEL G\u0130ZL\u0130L\u0130K S\u00d6ZLE\u015eMES\u0130 \u00a0 1. TARAFLAR Bir tarafta \u00d6ZALP \u00d6ZEL G\u00dcVENL\u0130K E\u011e\u0130T\u0130M VE H\u0130ZMETLER\u0130 L\u0130M\u0130TED \u015e\u0130RKET\u0130 (bu s\u00f6zle\u015fmede k\u0131saca \u201c\u0130\u015eVEREN\u201d olarak an\u0131lacakt\u0131r.) Di\u011fer tarafta, veri payla\u015f\u0131lan, m\u00fc\u015fteriler ve tedarik\u00e7iler ile \u00fcr\u00fcn servisleri, distrib\u00fct\u00f6rler, bayiler, \u00e7al\u0131\u015fanlar, \u00e7al\u0131\u015fan adaylar\u0131, stajyerler, servis sa\u011flay\u0131c\u0131lar\u0131 ve dan\u0131\u015fmanlar (bu [&hellip;]<\/p>\n","protected":false},"author":1,"featured_media":0,"parent":0,"menu_order":0,"comment_status":"closed","ping_status":"closed","template":"","meta":{"_acf_changed":false,"om_disable_all_campaigns":false,"_monsterinsights_skip_tracking":false,"_monsterinsights_sitenote_active":false,"_monsterinsights_sitenote_note":"","_monsterinsights_sitenote_category":0,"footnotes":""},"class_list":["post-8940","page","type-page","status-publish","hentry"],"acf":[],"aioseo_notices":[],"_links":{"self":[{"href":"https:\/\/iscomgrup.com\/iscom\/wp-json\/wp\/v2\/pages\/8940","targetHints":{"allow":["GET"]}}],"collection":[{"href":"https:\/\/iscomgrup.com\/iscom\/wp-json\/wp\/v2\/pages"}],"about":[{"href":"https:\/\/iscomgrup.com\/iscom\/wp-json\/wp\/v2\/types\/page"}],"author":[{"embeddable":true,"href":"https:\/\/iscomgrup.com\/iscom\/wp-json\/wp\/v2\/users\/1"}],"replies":[{"embeddable":true,"href":"https:\/\/iscomgrup.com\/iscom\/wp-json\/wp\/v2\/comments?post=8940"}],"version-history":[{"count":12,"href":"https:\/\/iscomgrup.com\/iscom\/wp-json\/wp\/v2\/pages\/8940\/revisions"}],"predecessor-version":[{"id":9173,"href":"https:\/\/iscomgrup.com\/iscom\/wp-json\/wp\/v2\/pages\/8940\/revisions\/9173"}],"wp:attachment":[{"href":"https:\/\/iscomgrup.com\/iscom\/wp-json\/wp\/v2\/media?parent=8940"}],"curies":[{"name":"wp","href":"https:\/\/api.w.org\/{rel}","templated":true}]}}