	{"id":7696,"date":"2022-08-15T11:41:50","date_gmt":"2022-08-15T08:41:50","guid":{"rendered":"https:\/\/iscomgrup.com\/iscom\/?page_id=7696"},"modified":"2022-09-21T12:45:53","modified_gmt":"2022-09-21T09:45:53","slug":"guvenlik-hizmetleri","status":"publish","type":"page","link":"https:\/\/iscomgrup.com\/iscom\/guvenlik-hizmetleri\/","title":{"rendered":"G\u00fcvenlik Hizmetleri"},"content":{"rendered":"\t\t<div data-elementor-type=\"wp-page\" data-elementor-id=\"7696\" class=\"elementor elementor-7696\">\n\t\t\t\t\t\t<section class=\" elementor-section elementor-top-section elementor-element elementor-element-1c189df elementor-section-boxed elementor-section-height-default elementor-section-height-default\" data-id=\"1c189df\" data-element_type=\"section\">\n\t\t\t\t\t\t<div class=\"elementor-container elementor-column-gap-default\">\n\t\t\t\t\t<div class=\"elementor-column elementor-col-20 elementor-top-column elementor-element elementor-element-36c4367\" data-id=\"36c4367\" data-element_type=\"column\" data-settings=\"{&quot;background_background&quot;:&quot;classic&quot;}\">\n\t\t\t<div class=\"elementor-widget-wrap elementor-element-populated\">\n\t\t\t\t\t\t<div class=\"elementor-element elementor-element-6dee548 elementor-widget elementor-widget-image\" data-id=\"6dee548\" data-element_type=\"widget\" data-widget_type=\"image.default\">\n\t\t\t\t<div class=\"elementor-widget-container\">\n\t\t\t\t\t\t\t\t\t\t\t\t\t\t\t\t<a href=\"https:\/\/iscomgrup.com\/iscom\/ozel-guvenlik\/\">\n\t\t\t\t\t\t\t<img fetchpriority=\"high\" decoding=\"async\" width=\"360\" height=\"247\" src=\"https:\/\/iscomgrup.com\/iscom\/wp-content\/uploads\/2022\/09\/ozel-guvenlik-hizmeti-kapak.jpg\" class=\"elementor-animation-float attachment-full size-full wp-image-9324\" alt=\"\" srcset=\"https:\/\/iscomgrup.com\/iscom\/wp-content\/uploads\/2022\/09\/ozel-guvenlik-hizmeti-kapak.jpg 360w, https:\/\/iscomgrup.com\/iscom\/wp-content\/uploads\/2022\/09\/ozel-guvenlik-hizmeti-kapak-300x206.jpg 300w\" sizes=\"(max-width: 360px) 100vw, 360px\" \/>\t\t\t\t\t\t\t\t<\/a>\n\t\t\t\t\t\t\t\t\t\t\t\t\t\t\t<\/div>\n\t\t\t\t<\/div>\n\t\t\t\t<div class=\"elementor-element elementor-element-13e9469 elementor-widget elementor-widget-heading\" data-id=\"13e9469\" data-element_type=\"widget\" data-widget_type=\"heading.default\">\n\t\t\t\t<div class=\"elementor-widget-container\">\n\t\t\t\t\t<h6 class=\"elementor-heading-title elementor-size-default\"><a href=\"https:\/\/iscomgrup.com\/iscom\/ozel-guvenlik\/\">\u00d6zel G\u00fcvenlik Hizmeti<\/a><\/h6>\t\t\t\t<\/div>\n\t\t\t\t<\/div>\n\t\t\t\t\t<\/div>\n\t\t<\/div>\n\t\t\t\t<div class=\"elementor-column elementor-col-20 elementor-top-column elementor-element elementor-element-4b40e06\" data-id=\"4b40e06\" data-element_type=\"column\">\n\t\t\t<div class=\"elementor-widget-wrap\">\n\t\t\t\t\t\t\t<\/div>\n\t\t<\/div>\n\t\t\t\t<div class=\"elementor-column elementor-col-20 elementor-top-column elementor-element elementor-element-ec99bd6\" data-id=\"ec99bd6\" data-element_type=\"column\" data-settings=\"{&quot;background_background&quot;:&quot;classic&quot;}\">\n\t\t\t<div class=\"elementor-widget-wrap elementor-element-populated\">\n\t\t\t\t\t\t<div class=\"elementor-element elementor-element-e198768 elementor-widget elementor-widget-image\" data-id=\"e198768\" data-element_type=\"widget\" data-widget_type=\"image.default\">\n\t\t\t\t<div class=\"elementor-widget-container\">\n\t\t\t\t\t\t\t\t\t\t\t\t\t\t\t\t<a href=\"https:\/\/iscomgrup.com\/iscom\/ozel-guvenlik-danismanligi\/\">\n\t\t\t\t\t\t\t<img decoding=\"async\" width=\"360\" height=\"247\" src=\"https:\/\/iscomgrup.com\/iscom\/wp-content\/uploads\/2022\/09\/ozel-guvenlik-danismanligi-kapak.jpg\" class=\"elementor-animation-float attachment-full size-full wp-image-9441\" alt=\"\" srcset=\"https:\/\/iscomgrup.com\/iscom\/wp-content\/uploads\/2022\/09\/ozel-guvenlik-danismanligi-kapak.jpg 360w, https:\/\/iscomgrup.com\/iscom\/wp-content\/uploads\/2022\/09\/ozel-guvenlik-danismanligi-kapak-300x206.jpg 300w\" sizes=\"(max-width: 360px) 100vw, 360px\" \/>\t\t\t\t\t\t\t\t<\/a>\n\t\t\t\t\t\t\t\t\t\t\t\t\t\t\t<\/div>\n\t\t\t\t<\/div>\n\t\t\t\t<div class=\"elementor-element elementor-element-81e51b1 elementor-widget elementor-widget-heading\" data-id=\"81e51b1\" data-element_type=\"widget\" data-widget_type=\"heading.default\">\n\t\t\t\t<div class=\"elementor-widget-container\">\n\t\t\t\t\t<h6 class=\"elementor-heading-title elementor-size-default\"><a href=\"https:\/\/iscomgrup.com\/iscom\/ozel-guvenlik-danismanligi\/\">\u00d6zel G\u00fcvenlik Dan\u0131\u015fmanl\u0131\u011f\u0131<\/a><\/h6>\t\t\t\t<\/div>\n\t\t\t\t<\/div>\n\t\t\t\t\t<\/div>\n\t\t<\/div>\n\t\t\t\t<div class=\"elementor-column elementor-col-20 elementor-top-column elementor-element elementor-element-6987b21\" data-id=\"6987b21\" data-element_type=\"column\">\n\t\t\t<div class=\"elementor-widget-wrap\">\n\t\t\t\t\t\t\t<\/div>\n\t\t<\/div>\n\t\t\t\t<div class=\"elementor-column elementor-col-20 elementor-top-column elementor-element elementor-element-91449af\" data-id=\"91449af\" data-element_type=\"column\" data-settings=\"{&quot;background_background&quot;:&quot;classic&quot;}\">\n\t\t\t<div class=\"elementor-widget-wrap elementor-element-populated\">\n\t\t\t\t\t\t<div class=\"elementor-element elementor-element-a80946a elementor-widget elementor-widget-image\" data-id=\"a80946a\" data-element_type=\"widget\" data-widget_type=\"image.default\">\n\t\t\t\t<div class=\"elementor-widget-container\">\n\t\t\t\t\t\t\t\t\t\t\t\t\t\t\t\t<a href=\"https:\/\/iscomgrup.com\/iscom\/risk-analizi-ve-degerlendirilmesi\/\">\n\t\t\t\t\t\t\t<img decoding=\"async\" width=\"360\" height=\"247\" src=\"https:\/\/iscomgrup.com\/iscom\/wp-content\/uploads\/2022\/09\/risk-analizi-ve-degerlendirilmesi-kapak.jpg\" class=\"elementor-animation-float attachment-full size-full wp-image-9452\" alt=\"\" srcset=\"https:\/\/iscomgrup.com\/iscom\/wp-content\/uploads\/2022\/09\/risk-analizi-ve-degerlendirilmesi-kapak.jpg 360w, https:\/\/iscomgrup.com\/iscom\/wp-content\/uploads\/2022\/09\/risk-analizi-ve-degerlendirilmesi-kapak-300x206.jpg 300w\" sizes=\"(max-width: 360px) 100vw, 360px\" \/>\t\t\t\t\t\t\t\t<\/a>\n\t\t\t\t\t\t\t\t\t\t\t\t\t\t\t<\/div>\n\t\t\t\t<\/div>\n\t\t\t\t<div class=\"elementor-element elementor-element-30cf8a1 elementor-widget elementor-widget-heading\" data-id=\"30cf8a1\" data-element_type=\"widget\" data-widget_type=\"heading.default\">\n\t\t\t\t<div class=\"elementor-widget-container\">\n\t\t\t\t\t<h6 class=\"elementor-heading-title elementor-size-default\"><a href=\"https:\/\/iscomgrup.com\/iscom\/risk-analizi-ve-degerlendirilmesi\/\">Risk Analizi ve De\u011ferlendirilmesi<\/a><\/h6>\t\t\t\t<\/div>\n\t\t\t\t<\/div>\n\t\t\t\t\t<\/div>\n\t\t<\/div>\n\t\t\t\t\t<\/div>\n\t\t<\/section>\n\t\t\t\t<section class=\" elementor-section elementor-top-section elementor-element elementor-element-ade981d elementor-section-boxed elementor-section-height-default elementor-section-height-default\" data-id=\"ade981d\" data-element_type=\"section\">\n\t\t\t\t\t\t<div class=\"elementor-container elementor-column-gap-default\">\n\t\t\t\t\t<div class=\"elementor-column elementor-col-20 elementor-top-column elementor-element elementor-element-0bbe4a3\" data-id=\"0bbe4a3\" data-element_type=\"column\" data-settings=\"{&quot;background_background&quot;:&quot;classic&quot;}\">\n\t\t\t<div class=\"elementor-widget-wrap elementor-element-populated\">\n\t\t\t\t\t\t<div class=\"elementor-element elementor-element-9d466c7 elementor-widget elementor-widget-image\" data-id=\"9d466c7\" data-element_type=\"widget\" data-widget_type=\"image.default\">\n\t\t\t\t<div class=\"elementor-widget-container\">\n\t\t\t\t\t\t\t\t\t\t\t\t\t\t\t\t<a href=\"https:\/\/iscomgrup.com\/iscom\/guvenlik-ve-koruma-planlamasi\/\">\n\t\t\t\t\t\t\t<img loading=\"lazy\" decoding=\"async\" width=\"360\" height=\"247\" src=\"https:\/\/iscomgrup.com\/iscom\/wp-content\/uploads\/2022\/09\/guvenlik-ve-koruma-planlamasi-kapak.jpg\" class=\"elementor-animation-float attachment-full size-full wp-image-9335\" alt=\"\" srcset=\"https:\/\/iscomgrup.com\/iscom\/wp-content\/uploads\/2022\/09\/guvenlik-ve-koruma-planlamasi-kapak.jpg 360w, https:\/\/iscomgrup.com\/iscom\/wp-content\/uploads\/2022\/09\/guvenlik-ve-koruma-planlamasi-kapak-300x206.jpg 300w\" sizes=\"(max-width: 360px) 100vw, 360px\" \/>\t\t\t\t\t\t\t\t<\/a>\n\t\t\t\t\t\t\t\t\t\t\t\t\t\t\t<\/div>\n\t\t\t\t<\/div>\n\t\t\t\t<div class=\"elementor-element elementor-element-d4bb3c8 elementor-widget elementor-widget-heading\" data-id=\"d4bb3c8\" data-element_type=\"widget\" data-widget_type=\"heading.default\">\n\t\t\t\t<div class=\"elementor-widget-container\">\n\t\t\t\t\t<h6 class=\"elementor-heading-title elementor-size-default\"><a href=\"https:\/\/iscomgrup.com\/iscom\/guvenlik-ve-koruma-planlamasi\/\">G\u00fcvenlik ve Koruma Planlamas\u0131<\/a><\/h6>\t\t\t\t<\/div>\n\t\t\t\t<\/div>\n\t\t\t\t\t<\/div>\n\t\t<\/div>\n\t\t\t\t<div class=\"elementor-column elementor-col-20 elementor-top-column elementor-element elementor-element-2b8eb8c\" data-id=\"2b8eb8c\" data-element_type=\"column\">\n\t\t\t<div class=\"elementor-widget-wrap\">\n\t\t\t\t\t\t\t<\/div>\n\t\t<\/div>\n\t\t\t\t<div class=\"elementor-column elementor-col-20 elementor-top-column elementor-element elementor-element-2052c5b\" data-id=\"2052c5b\" data-element_type=\"column\" data-settings=\"{&quot;background_background&quot;:&quot;classic&quot;}\">\n\t\t\t<div class=\"elementor-widget-wrap\">\n\t\t\t\t\t\t\t<\/div>\n\t\t<\/div>\n\t\t\t\t<div class=\"elementor-column elementor-col-20 elementor-top-column elementor-element elementor-element-307926a\" data-id=\"307926a\" data-element_type=\"column\">\n\t\t\t<div class=\"elementor-widget-wrap\">\n\t\t\t\t\t\t\t<\/div>\n\t\t<\/div>\n\t\t\t\t<div class=\"elementor-column elementor-col-20 elementor-top-column elementor-element elementor-element-500fd7a\" data-id=\"500fd7a\" data-element_type=\"column\" data-settings=\"{&quot;background_background&quot;:&quot;classic&quot;}\">\n\t\t\t<div class=\"elementor-widget-wrap\">\n\t\t\t\t\t\t\t<\/div>\n\t\t<\/div>\n\t\t\t\t\t<\/div>\n\t\t<\/section>\n\t\t\t\t<\/div>\n\t\t","protected":false},"excerpt":{"rendered":"<p>\u00d6zel G\u00fcvenlik Hizmeti \u00d6zel G\u00fcvenlik Dan\u0131\u015fmanl\u0131\u011f\u0131 Risk Analizi ve De\u011ferlendirilmesi G\u00fcvenlik ve Koruma Planlamas\u0131<\/p>\n","protected":false},"author":1,"featured_media":0,"parent":0,"menu_order":0,"comment_status":"closed","ping_status":"closed","template":"","meta":{"_acf_changed":false,"om_disable_all_campaigns":false,"_monsterinsights_skip_tracking":false,"_monsterinsights_sitenote_active":false,"_monsterinsights_sitenote_note":"","_monsterinsights_sitenote_category":0,"footnotes":""},"class_list":["post-7696","page","type-page","status-publish","hentry"],"acf":[],"aioseo_notices":[],"_links":{"self":[{"href":"https:\/\/iscomgrup.com\/iscom\/wp-json\/wp\/v2\/pages\/7696","targetHints":{"allow":["GET"]}}],"collection":[{"href":"https:\/\/iscomgrup.com\/iscom\/wp-json\/wp\/v2\/pages"}],"about":[{"href":"https:\/\/iscomgrup.com\/iscom\/wp-json\/wp\/v2\/types\/page"}],"author":[{"embeddable":true,"href":"https:\/\/iscomgrup.com\/iscom\/wp-json\/wp\/v2\/users\/1"}],"replies":[{"embeddable":true,"href":"https:\/\/iscomgrup.com\/iscom\/wp-json\/wp\/v2\/comments?post=7696"}],"version-history":[{"count":256,"href":"https:\/\/iscomgrup.com\/iscom\/wp-json\/wp\/v2\/pages\/7696\/revisions"}],"predecessor-version":[{"id":9455,"href":"https:\/\/iscomgrup.com\/iscom\/wp-json\/wp\/v2\/pages\/7696\/revisions\/9455"}],"wp:attachment":[{"href":"https:\/\/iscomgrup.com\/iscom\/wp-json\/wp\/v2\/media?parent=7696"}],"curies":[{"name":"wp","href":"https:\/\/api.w.org\/{rel}","templated":true}]}}