	{"id":7663,"date":"2022-08-15T11:15:14","date_gmt":"2022-08-15T08:15:14","guid":{"rendered":"https:\/\/iscomgrup.com\/iscom\/?page_id=7663"},"modified":"2022-09-20T19:00:51","modified_gmt":"2022-09-20T16:00:51","slug":"guvenlik-ve-koruma-planlamasi","status":"publish","type":"page","link":"https:\/\/iscomgrup.com\/iscom\/guvenlik-ve-koruma-planlamasi\/","title":{"rendered":"G\u00fcvenlik ve Koruma Planlamas\u0131"},"content":{"rendered":"\t\t<div data-elementor-type=\"wp-page\" data-elementor-id=\"7663\" class=\"elementor elementor-7663\">\n\t\t\t\t\t\t<section class=\" elementor-section elementor-top-section elementor-element elementor-element-48356b8 elementor-section-boxed elementor-section-height-default elementor-section-height-default\" data-id=\"48356b8\" data-element_type=\"section\">\n\t\t\t\t\t\t<div class=\"elementor-container elementor-column-gap-no\">\n\t\t\t\t\t<div class=\"elementor-column elementor-col-100 elementor-top-column elementor-element elementor-element-84e144b\" data-id=\"84e144b\" data-element_type=\"column\">\n\t\t\t<div class=\"elementor-widget-wrap elementor-element-populated\">\n\t\t\t\t\t\t<div class=\"elementor-element elementor-element-17c5b32 elementor-widget elementor-widget-rodio_heading\" data-id=\"17c5b32\" data-element_type=\"widget\" data-widget_type=\"rodio_heading.default\">\n\t\t\t\t<div class=\"elementor-widget-container\">\n\t\t\t\t\t\t<div class=\"heading normal\">\n        G\u00fcvenlik ve Koruma Planlamas\u0131    <\/div>\n\t\t\t\t\t<\/div>\n\t\t\t\t<\/div>\n\t\t\t\t<div class=\"elementor-element elementor-element-00febd9 elementor-widget elementor-widget-text-editor\" data-id=\"00febd9\" data-element_type=\"widget\" data-widget_type=\"text-editor.default\">\n\t\t\t\t<div class=\"elementor-widget-container\">\n\t\t\t\t\t\t\t\t\t<p>Kurumlar\u0131n korunmas\u0131 ve g\u00fcvenli\u011fin sa\u011flanmas\u0131na y\u00f6nelik olarak 5188 say\u0131l\u0131 kanunun 12. maddesine istinaden koruma ve g\u00fcvenlik planlar\u0131n\u0131n haz\u0131rlanmas\u0131 gerekmektedir.<\/p><p>Tehdit de\u011ferlendirmesi ve risk analizlerinden elde etti\u011fimiz bilgiler do\u011frultusunda, gerekli g\u00f6r\u00fclen g\u00fcvenlik ihtiya\u00e7lar\u0131n\u0131za \u00e7\u00f6z\u00fcm sa\u011flayacak koruma ve g\u00fcvenlik planlar\u0131n\u0131 olu\u015fturmaktay\u0131z.<\/p><p>Iscom Grup olarak, detayl\u0131 incelemeler sonras\u0131nda haz\u0131rlad\u0131\u011f\u0131m\u0131z koruma ve g\u00fcvenlik planlar\u0131n\u0131, ba\u011fl\u0131 bulundu\u011funuz il\u00e7e s\u0131n\u0131rlar\u0131ndaki valili\u011fe sunmakta ve dosya takibi yapmaktay\u0131z.<\/p><p>Koruma ve g\u00fcvenlik plan\u0131n\u0131n haz\u0131rlanaca\u011f\u0131 kurumun; \u00fcretti\u011fi mal\u0131n ya da hizmetin \u00f6nemi, ba\u011fl\u0131 bulundu\u011fu b\u00f6lgenin co\u011frafi \u015fartlar\u0131, g\u00fcvenlik g\u00fc\u00e7lerine olan uzakl\u0131\u011f\u0131 ve stratejik \u00f6nemine ba\u011fl\u0131 olarak de\u011fi\u015febilecek konular da plana dahil edilmektedir.<\/p>\t\t\t\t\t\t\t\t<\/div>\n\t\t\t\t<\/div>\n\t\t\t\t\t<\/div>\n\t\t<\/div>\n\t\t\t\t\t<\/div>\n\t\t<\/section>\n\t\t\t\t<section class=\" elementor-section elementor-top-section elementor-element elementor-element-f96e458 elementor-section-boxed elementor-section-height-default elementor-section-height-default\" data-id=\"f96e458\" data-element_type=\"section\">\n\t\t\t\t\t\t<div class=\"elementor-container elementor-column-gap-default\">\n\t\t\t\t\t<div class=\"elementor-column elementor-col-100 elementor-top-column elementor-element elementor-element-1d34e26\" data-id=\"1d34e26\" data-element_type=\"column\">\n\t\t\t<div class=\"elementor-widget-wrap elementor-element-populated\">\n\t\t\t\t\t\t<div class=\"elementor-element elementor-element-4e0b7d5 elementor-widget elementor-widget-rodio_gallery\" data-id=\"4e0b7d5\" data-element_type=\"widget\" data-widget_type=\"rodio_gallery.default\">\n\t\t\t\t<div class=\"elementor-widget-container\">\n\t\t\t\t\t        <div class=\"gallery-wrapper\">\r\n            <div class=\"gallery\">\r\n                \r\n                <!-- category - start -->\r\n           <!-- <div class=\"row\">\r\n                    <div class=\"col-lg-12\">\r\n                        <div class=\"filter-wrapper\">\r\n                                <ul class=\"filter filter-list\">\r\n        <li>\r\n            <a href=\"#\" data-filter=\"*\" class=\"selected\">\r\n                All            <\/a>\r\n        <\/li>\r\n                    <li>\r\n                <a href=\"#\" data-filter=\".\">\r\n                                    <\/a>\r\n            <\/li>\r\n            <\/ul>\r\n    <select class=\"filter-select\">\r\n        <option value=\"*\" selected data-selected>\r\n            All        <\/option>\r\n                    <option value=\".\">\r\n                            <\/option>\r\n            <\/select>\r\n                            <\/div>\r\n                    <\/div>\r\n                <\/div> -->\r\n                <!-- category - end -->\r\n                \r\n                <!-- gallery content - start -->\r\n                <div class=\"row gallery-row gx-5 gy-lg-5 gy-3\">\r\n                        <div class=\" gallery-item-wrapper col-lg-4\">\r\n        <a href=\"https:\/\/iscomgrup.com\/iscom\/wp-content\/uploads\/2022\/09\/guvenlik-ve-koruma-planlamasi-1.jpg\" class=\"gallery-item rodio-glightbox\">\r\n            <img decoding=\"async\" src=\"https:\/\/iscomgrup.com\/iscom\/wp-content\/uploads\/2022\/09\/guvenlik-ve-koruma-planlamasi-1.jpg\" title=\"guvenlik-ve-koruma-planlamasi-1\" alt=\"guvenlik-ve-koruma-planlamasi-1\" loading=\"lazy\" \/>            <div class=\"hover\">\r\n                <svg xmlns=\"http:\/\/www.w3.org\/2000\/svg\" viewBox=\"0 0 448 512\"><path d=\"M427.8 266.8l-160 176C264.7 446.3 260.3 448 256 448c-3.844 0-7.703-1.375-10.77-4.156c-6.531-5.938-7.016-16.06-1.078-22.59L379.8 272H16c-8.844 0-15.1-7.155-15.1-15.1S7.156 240 16 240h363.8l-135.7-149.3c-5.938-6.531-5.453-16.66 1.078-22.59c6.547-5.906 16.66-5.469 22.61 1.094l160 176C433.4 251.3 433.4 260.7 427.8 266.8z\"\/><\/svg>\r\n            <\/div>\r\n        <\/a>\r\n    <\/div>\r\n        <div class=\" gallery-item-wrapper col-lg-4\">\r\n        <a href=\"https:\/\/iscomgrup.com\/iscom\/wp-content\/uploads\/2022\/09\/guvenlik-ve-koruma-planlamasi-2.jpg\" class=\"gallery-item rodio-glightbox\">\r\n            <img decoding=\"async\" src=\"https:\/\/iscomgrup.com\/iscom\/wp-content\/uploads\/2022\/09\/guvenlik-ve-koruma-planlamasi-2.jpg\" title=\"guvenlik-ve-koruma-planlamasi-2\" alt=\"guvenlik-ve-koruma-planlamasi-2\" loading=\"lazy\" \/>            <div class=\"hover\">\r\n                <svg xmlns=\"http:\/\/www.w3.org\/2000\/svg\" viewBox=\"0 0 448 512\"><path d=\"M427.8 266.8l-160 176C264.7 446.3 260.3 448 256 448c-3.844 0-7.703-1.375-10.77-4.156c-6.531-5.938-7.016-16.06-1.078-22.59L379.8 272H16c-8.844 0-15.1-7.155-15.1-15.1S7.156 240 16 240h363.8l-135.7-149.3c-5.938-6.531-5.453-16.66 1.078-22.59c6.547-5.906 16.66-5.469 22.61 1.094l160 176C433.4 251.3 433.4 260.7 427.8 266.8z\"\/><\/svg>\r\n            <\/div>\r\n        <\/a>\r\n    <\/div>\r\n                    <\/div>\r\n                <!-- gallery content - end -->\r\n            <\/div>\r\n        <\/div>\r\n    \t\t\t\t<\/div>\n\t\t\t\t<\/div>\n\t\t\t\t\t<\/div>\n\t\t<\/div>\n\t\t\t\t\t<\/div>\n\t\t<\/section>\n\t\t\t\t<\/div>\n\t\t","protected":false},"excerpt":{"rendered":"<p>G\u00fcvenlik ve Koruma Planlamas\u0131 Kurumlar\u0131n korunmas\u0131 ve g\u00fcvenli\u011fin sa\u011flanmas\u0131na y\u00f6nelik olarak 5188 say\u0131l\u0131 kanunun 12. maddesine istinaden koruma ve g\u00fcvenlik planlar\u0131n\u0131n haz\u0131rlanmas\u0131 gerekmektedir. Tehdit de\u011ferlendirmesi ve risk analizlerinden elde etti\u011fimiz bilgiler do\u011frultusunda, gerekli g\u00f6r\u00fclen g\u00fcvenlik ihtiya\u00e7lar\u0131n\u0131za \u00e7\u00f6z\u00fcm sa\u011flayacak koruma ve g\u00fcvenlik planlar\u0131n\u0131 olu\u015fturmaktay\u0131z. Iscom Grup olarak, detayl\u0131 incelemeler sonras\u0131nda haz\u0131rlad\u0131\u011f\u0131m\u0131z koruma ve g\u00fcvenlik planlar\u0131n\u0131, ba\u011fl\u0131 [&hellip;]<\/p>\n","protected":false},"author":1,"featured_media":0,"parent":0,"menu_order":0,"comment_status":"closed","ping_status":"closed","template":"","meta":{"_acf_changed":false,"om_disable_all_campaigns":false,"_monsterinsights_skip_tracking":false,"_monsterinsights_sitenote_active":false,"_monsterinsights_sitenote_note":"","_monsterinsights_sitenote_category":0,"footnotes":""},"class_list":["post-7663","page","type-page","status-publish","hentry"],"acf":[],"aioseo_notices":[],"_links":{"self":[{"href":"https:\/\/iscomgrup.com\/iscom\/wp-json\/wp\/v2\/pages\/7663","targetHints":{"allow":["GET"]}}],"collection":[{"href":"https:\/\/iscomgrup.com\/iscom\/wp-json\/wp\/v2\/pages"}],"about":[{"href":"https:\/\/iscomgrup.com\/iscom\/wp-json\/wp\/v2\/types\/page"}],"author":[{"embeddable":true,"href":"https:\/\/iscomgrup.com\/iscom\/wp-json\/wp\/v2\/users\/1"}],"replies":[{"embeddable":true,"href":"https:\/\/iscomgrup.com\/iscom\/wp-json\/wp\/v2\/comments?post=7663"}],"version-history":[{"count":27,"href":"https:\/\/iscomgrup.com\/iscom\/wp-json\/wp\/v2\/pages\/7663\/revisions"}],"predecessor-version":[{"id":9397,"href":"https:\/\/iscomgrup.com\/iscom\/wp-json\/wp\/v2\/pages\/7663\/revisions\/9397"}],"wp:attachment":[{"href":"https:\/\/iscomgrup.com\/iscom\/wp-json\/wp\/v2\/media?parent=7663"}],"curies":[{"name":"wp","href":"https:\/\/api.w.org\/{rel}","templated":true}]}}