	{"id":7658,"date":"2022-08-15T11:09:53","date_gmt":"2022-08-15T08:09:53","guid":{"rendered":"https:\/\/iscomgrup.com\/iscom\/?page_id=7658"},"modified":"2022-09-21T12:47:14","modified_gmt":"2022-09-21T09:47:14","slug":"risk-analizi-ve-degerlendirilmesi","status":"publish","type":"page","link":"https:\/\/iscomgrup.com\/iscom\/risk-analizi-ve-degerlendirilmesi\/","title":{"rendered":"Risk Analizi ve De\u011ferlendirilmesi"},"content":{"rendered":"\t\t<div data-elementor-type=\"wp-page\" data-elementor-id=\"7658\" class=\"elementor elementor-7658\">\n\t\t\t\t\t\t<section class=\" elementor-section elementor-top-section elementor-element elementor-element-48356b8 elementor-section-boxed elementor-section-height-default elementor-section-height-default\" data-id=\"48356b8\" data-element_type=\"section\">\n\t\t\t\t\t\t<div class=\"elementor-container elementor-column-gap-no\">\n\t\t\t\t\t<div class=\"elementor-column elementor-col-100 elementor-top-column elementor-element elementor-element-84e144b\" data-id=\"84e144b\" data-element_type=\"column\">\n\t\t\t<div class=\"elementor-widget-wrap elementor-element-populated\">\n\t\t\t\t\t\t<div class=\"elementor-element elementor-element-17c5b32 elementor-widget elementor-widget-rodio_heading\" data-id=\"17c5b32\" data-element_type=\"widget\" data-widget_type=\"rodio_heading.default\">\n\t\t\t\t<div class=\"elementor-widget-container\">\n\t\t\t\t\t\t<div class=\"heading normal\">\n        Risk Analizi ve De\u011ferlendirilmesi    <\/div>\n\t\t\t\t\t<\/div>\n\t\t\t\t<\/div>\n\t\t\t\t<div class=\"elementor-element elementor-element-00febd9 elementor-widget elementor-widget-text-editor\" data-id=\"00febd9\" data-element_type=\"widget\" data-widget_type=\"text-editor.default\">\n\t\t\t\t<div class=\"elementor-widget-container\">\n\t\t\t\t\t\t\t\t\t<p>Etkin bir g\u00fcvenlik politikas\u0131n\u0131n olu\u015fturulmas\u0131n\u0131n ilk a\u015famas\u0131, kurumunuzun kar\u015f\u0131la\u015fabilece\u011fi risklerin analizinin do\u011fru yap\u0131lmas\u0131 ile ba\u015flar.<\/p><p>Iscom Grup olarak, g\u00fcvenlik projesi olu\u015fturmadan \u00f6nce, konusunda uzman personelimiz ile kurumunuzun g\u00fcvenlik ihtiya\u00e7lar\u0131na cevap veren, mekana ve kullan\u0131m \u015fartlar\u0131na uygun, geni\u015f kapsaml\u0131, ger\u00e7ek\u00e7i, verimli ve ekonomik bir risk analizi ve g\u00fcvenlik projesi haz\u0131rlamaktay\u0131z.<\/p><p>Risk analizi ve risk y\u00f6netiminin temel amac\u0131; kurum ve kurulu\u015flarda olu\u015fabilecek tehlikelere kar\u015f\u0131 \u00f6nlem almak, tehditleri ortadan kald\u0131racak veya etkisini azaltacak kontrolleri ilk a\u015famada tespit etmektir.<\/p><p>Iscom Grup, risk analizi sonu\u00e7lar\u0131na g\u00f6re g\u00fcvenlik ihtiya\u00e7lar\u0131n\u0131z\u0131 belirler, k\u0131sa, orta ve uzun vadeli g\u00fcvenlik prosed\u00fcrlerinizi olu\u015fturur ve \u00fcst y\u00f6netime sunumunu yapar. \u00dcst y\u00f6netime sunulan rapor do\u011frultusunda fiziki g\u00fcvenlik ekibini olu\u015fturur, elektronik g\u00fcvenlik sistemlerinin kurulumunu ger\u00e7ekle\u015ftirir ve kalite y\u00f6netim politikas\u0131 do\u011frultusunda periyodik denetimleri ger\u00e7ekle\u015ftirir.<\/p><p>Risk analizlerinin yap\u0131lmas\u0131 s\u00fcre\u00e7leri, 5188 say\u0131l\u0131 kanun ve y\u00f6netmeli\u011fe uygun olarak, konusunda e\u011fitimli ve deneyim sahibi personelimiz taraf\u0131ndan titizlikle y\u00fcr\u00fct\u00fclmektedir.<\/p>\t\t\t\t\t\t\t\t<\/div>\n\t\t\t\t<\/div>\n\t\t\t\t\t<\/div>\n\t\t<\/div>\n\t\t\t\t\t<\/div>\n\t\t<\/section>\n\t\t\t\t<section class=\" elementor-section elementor-top-section elementor-element elementor-element-f82a365 elementor-section-boxed elementor-section-height-default elementor-section-height-default\" data-id=\"f82a365\" data-element_type=\"section\">\n\t\t\t\t\t\t<div class=\"elementor-container elementor-column-gap-default\">\n\t\t\t\t\t<div class=\"elementor-column elementor-col-100 elementor-top-column elementor-element elementor-element-184f491\" data-id=\"184f491\" data-element_type=\"column\">\n\t\t\t<div class=\"elementor-widget-wrap elementor-element-populated\">\n\t\t\t\t\t\t<div class=\"elementor-element elementor-element-6ac7171 elementor-widget elementor-widget-rodio_gallery\" data-id=\"6ac7171\" data-element_type=\"widget\" data-widget_type=\"rodio_gallery.default\">\n\t\t\t\t<div class=\"elementor-widget-container\">\n\t\t\t\t\t        <div class=\"gallery-wrapper\">\r\n            <div class=\"gallery\">\r\n                \r\n                <!-- category - start -->\r\n           <!-- <div class=\"row\">\r\n                    <div class=\"col-lg-12\">\r\n                        <div class=\"filter-wrapper\">\r\n                                <ul class=\"filter filter-list\">\r\n        <li>\r\n            <a href=\"#\" data-filter=\"*\" class=\"selected\">\r\n                All            <\/a>\r\n        <\/li>\r\n                    <li>\r\n                <a href=\"#\" data-filter=\".\">\r\n                                    <\/a>\r\n            <\/li>\r\n            <\/ul>\r\n    <select class=\"filter-select\">\r\n        <option value=\"*\" selected data-selected>\r\n            All        <\/option>\r\n                    <option value=\".\">\r\n                            <\/option>\r\n            <\/select>\r\n                            <\/div>\r\n                    <\/div>\r\n                <\/div> -->\r\n                <!-- category - end -->\r\n                \r\n                <!-- gallery content - start -->\r\n                <div class=\"row gallery-row gx-5 gy-lg-5 gy-3\">\r\n                        <div class=\" gallery-item-wrapper col-lg-4\">\r\n        <a href=\"https:\/\/iscomgrup.com\/iscom\/wp-content\/uploads\/2022\/09\/risk-analizi-ve-degerlendirilmesi-1.jpg\" class=\"gallery-item rodio-glightbox\">\r\n            <img decoding=\"async\" src=\"https:\/\/iscomgrup.com\/iscom\/wp-content\/uploads\/2022\/09\/risk-analizi-ve-degerlendirilmesi-1.jpg\" title=\"risk-analizi-ve-degerlendirilmesi-1\" alt=\"risk-analizi-ve-degerlendirilmesi-1\" loading=\"lazy\" \/>            <div class=\"hover\">\r\n                <svg xmlns=\"http:\/\/www.w3.org\/2000\/svg\" viewBox=\"0 0 448 512\"><path d=\"M427.8 266.8l-160 176C264.7 446.3 260.3 448 256 448c-3.844 0-7.703-1.375-10.77-4.156c-6.531-5.938-7.016-16.06-1.078-22.59L379.8 272H16c-8.844 0-15.1-7.155-15.1-15.1S7.156 240 16 240h363.8l-135.7-149.3c-5.938-6.531-5.453-16.66 1.078-22.59c6.547-5.906 16.66-5.469 22.61 1.094l160 176C433.4 251.3 433.4 260.7 427.8 266.8z\"\/><\/svg>\r\n            <\/div>\r\n        <\/a>\r\n    <\/div>\r\n        <div class=\" gallery-item-wrapper col-lg-4\">\r\n        <a href=\"https:\/\/iscomgrup.com\/iscom\/wp-content\/uploads\/2022\/09\/risk-analizi-ve-degerlendirilmesi-2.jpg\" class=\"gallery-item rodio-glightbox\">\r\n            <img decoding=\"async\" src=\"https:\/\/iscomgrup.com\/iscom\/wp-content\/uploads\/2022\/09\/risk-analizi-ve-degerlendirilmesi-2.jpg\" title=\"risk-analizi-ve-degerlendirilmesi-2\" alt=\"risk-analizi-ve-degerlendirilmesi-2\" loading=\"lazy\" \/>            <div class=\"hover\">\r\n                <svg xmlns=\"http:\/\/www.w3.org\/2000\/svg\" viewBox=\"0 0 448 512\"><path d=\"M427.8 266.8l-160 176C264.7 446.3 260.3 448 256 448c-3.844 0-7.703-1.375-10.77-4.156c-6.531-5.938-7.016-16.06-1.078-22.59L379.8 272H16c-8.844 0-15.1-7.155-15.1-15.1S7.156 240 16 240h363.8l-135.7-149.3c-5.938-6.531-5.453-16.66 1.078-22.59c6.547-5.906 16.66-5.469 22.61 1.094l160 176C433.4 251.3 433.4 260.7 427.8 266.8z\"\/><\/svg>\r\n            <\/div>\r\n        <\/a>\r\n    <\/div>\r\n        <div class=\" gallery-item-wrapper col-lg-4\">\r\n        <a href=\"https:\/\/iscomgrup.com\/iscom\/wp-content\/uploads\/2022\/09\/risk-analizi-ve-degerlendirilmesi-3.jpg\" class=\"gallery-item rodio-glightbox\">\r\n            <img decoding=\"async\" src=\"https:\/\/iscomgrup.com\/iscom\/wp-content\/uploads\/2022\/09\/risk-analizi-ve-degerlendirilmesi-3.jpg\" title=\"risk-analizi-ve-degerlendirilmesi-3\" alt=\"risk-analizi-ve-degerlendirilmesi-3\" loading=\"lazy\" \/>            <div class=\"hover\">\r\n                <svg xmlns=\"http:\/\/www.w3.org\/2000\/svg\" viewBox=\"0 0 448 512\"><path d=\"M427.8 266.8l-160 176C264.7 446.3 260.3 448 256 448c-3.844 0-7.703-1.375-10.77-4.156c-6.531-5.938-7.016-16.06-1.078-22.59L379.8 272H16c-8.844 0-15.1-7.155-15.1-15.1S7.156 240 16 240h363.8l-135.7-149.3c-5.938-6.531-5.453-16.66 1.078-22.59c6.547-5.906 16.66-5.469 22.61 1.094l160 176C433.4 251.3 433.4 260.7 427.8 266.8z\"\/><\/svg>\r\n            <\/div>\r\n        <\/a>\r\n    <\/div>\r\n                    <\/div>\r\n                <!-- gallery content - end -->\r\n            <\/div>\r\n        <\/div>\r\n    \t\t\t\t<\/div>\n\t\t\t\t<\/div>\n\t\t\t\t\t<\/div>\n\t\t<\/div>\n\t\t\t\t\t<\/div>\n\t\t<\/section>\n\t\t\t\t<\/div>\n\t\t","protected":false},"excerpt":{"rendered":"<p>Risk Analizi ve De\u011ferlendirilmesi Etkin bir g\u00fcvenlik politikas\u0131n\u0131n olu\u015fturulmas\u0131n\u0131n ilk a\u015famas\u0131, kurumunuzun kar\u015f\u0131la\u015fabilece\u011fi risklerin analizinin do\u011fru yap\u0131lmas\u0131 ile ba\u015flar. Iscom Grup olarak, g\u00fcvenlik projesi olu\u015fturmadan \u00f6nce, konusunda uzman personelimiz ile kurumunuzun g\u00fcvenlik ihtiya\u00e7lar\u0131na cevap veren, mekana ve kullan\u0131m \u015fartlar\u0131na uygun, geni\u015f kapsaml\u0131, ger\u00e7ek\u00e7i, verimli ve ekonomik bir risk analizi ve g\u00fcvenlik projesi haz\u0131rlamaktay\u0131z. Risk analizi [&hellip;]<\/p>\n","protected":false},"author":1,"featured_media":0,"parent":0,"menu_order":0,"comment_status":"closed","ping_status":"closed","template":"","meta":{"_acf_changed":false,"om_disable_all_campaigns":false,"_monsterinsights_skip_tracking":false,"_monsterinsights_sitenote_active":false,"_monsterinsights_sitenote_note":"","_monsterinsights_sitenote_category":0,"footnotes":""},"class_list":["post-7658","page","type-page","status-publish","hentry"],"acf":[],"aioseo_notices":[],"_links":{"self":[{"href":"https:\/\/iscomgrup.com\/iscom\/wp-json\/wp\/v2\/pages\/7658","targetHints":{"allow":["GET"]}}],"collection":[{"href":"https:\/\/iscomgrup.com\/iscom\/wp-json\/wp\/v2\/pages"}],"about":[{"href":"https:\/\/iscomgrup.com\/iscom\/wp-json\/wp\/v2\/types\/page"}],"author":[{"embeddable":true,"href":"https:\/\/iscomgrup.com\/iscom\/wp-json\/wp\/v2\/users\/1"}],"replies":[{"embeddable":true,"href":"https:\/\/iscomgrup.com\/iscom\/wp-json\/wp\/v2\/comments?post=7658"}],"version-history":[{"count":34,"href":"https:\/\/iscomgrup.com\/iscom\/wp-json\/wp\/v2\/pages\/7658\/revisions"}],"predecessor-version":[{"id":9461,"href":"https:\/\/iscomgrup.com\/iscom\/wp-json\/wp\/v2\/pages\/7658\/revisions\/9461"}],"wp:attachment":[{"href":"https:\/\/iscomgrup.com\/iscom\/wp-json\/wp\/v2\/media?parent=7658"}],"curies":[{"name":"wp","href":"https:\/\/api.w.org\/{rel}","templated":true}]}}