	{"id":7650,"date":"2022-08-15T11:06:12","date_gmt":"2022-08-15T08:06:12","guid":{"rendered":"https:\/\/iscomgrup.com\/iscom\/?page_id=7650"},"modified":"2022-09-21T12:29:44","modified_gmt":"2022-09-21T09:29:44","slug":"ozel-guvenlik-danismanligi","status":"publish","type":"page","link":"https:\/\/iscomgrup.com\/iscom\/ozel-guvenlik-danismanligi\/","title":{"rendered":"\u00d6zel G\u00fcvenlik Dan\u0131\u015fmanl\u0131\u011f\u0131"},"content":{"rendered":"\t\t<div data-elementor-type=\"wp-page\" data-elementor-id=\"7650\" class=\"elementor elementor-7650\">\n\t\t\t\t\t\t<section class=\" elementor-section elementor-top-section elementor-element elementor-element-48356b8 elementor-section-boxed elementor-section-height-default elementor-section-height-default\" data-id=\"48356b8\" data-element_type=\"section\">\n\t\t\t\t\t\t<div class=\"elementor-container elementor-column-gap-no\">\n\t\t\t\t\t<div class=\"elementor-column elementor-col-100 elementor-top-column elementor-element elementor-element-84e144b\" data-id=\"84e144b\" data-element_type=\"column\">\n\t\t\t<div class=\"elementor-widget-wrap elementor-element-populated\">\n\t\t\t\t\t\t<div class=\"elementor-element elementor-element-17c5b32 elementor-widget elementor-widget-rodio_heading\" data-id=\"17c5b32\" data-element_type=\"widget\" data-widget_type=\"rodio_heading.default\">\n\t\t\t\t<div class=\"elementor-widget-container\">\n\t\t\t\t\t\t<div class=\"heading normal\">\n        \u00d6zel G\u00fcvenlik Dan\u0131\u015fmanl\u0131\u011f\u0131    <\/div>\n\t\t\t\t\t<\/div>\n\t\t\t\t<\/div>\n\t\t\t\t<div class=\"elementor-element elementor-element-00febd9 elementor-widget elementor-widget-text-editor\" data-id=\"00febd9\" data-element_type=\"widget\" data-widget_type=\"text-editor.default\">\n\t\t\t\t<div class=\"elementor-widget-container\">\n\t\t\t\t\t\t\t\t\t<p>G\u00fcvenlik dan\u0131\u015fmanl\u0131\u011f\u0131 hizmetimiz, temel olarak kurumunuzun risk analizlerinin yap\u0131lmas\u0131 ve bu analizlerden elde edilen bilgiler do\u011frultusunda g\u00fcvenlik plan\u0131n\u0131n olu\u015fturulup \u00fcst y\u00f6netime sunulmas\u0131 ve gerekli g\u00f6r\u00fclen fiziki ve elektronik g\u00fcvenlik tedbirlerinin al\u0131nmas\u0131 s\u00fcre\u00e7lerini kapsamaktad\u0131r.<\/p><p>Fiziki g\u00fcvenli\u011fin yan\u0131 s\u0131ra elektronik g\u00fcvenlik planlamalar\u0131 da g\u00fcn\u00fcm\u00fcz ko\u015fullar\u0131nda b\u00fcy\u00fck \u00f6neme sahiptir. Bu \u00e7er\u00e7evede CCTV kapal\u0131 devre kamera kay\u0131t sisteminin kurulmas\u0131, eri\u015fim kontrol sisteminin kurulmas\u0131, acil \u00e7\u0131k\u0131\u015f kap\u0131lar\u0131 sisteminin kurulmas\u0131, yol, kapan ve bariyer sisteminin kurulmas\u0131, X RAY detekt\u00f6rlerinin temini ve kullan\u0131m\u0131, metal kontrol detekt\u00f6rlerinin temini ve kullan\u0131m\u0131 ile \u00e7evre g\u00fcvenlik sisteminin planlamas\u0131 hizmetleri de taraf\u0131m\u0131zdan ger\u00e7ekle\u015ftirilmektedir.<\/p>\t\t\t\t\t\t\t\t<\/div>\n\t\t\t\t<\/div>\n\t\t\t\t\t<\/div>\n\t\t<\/div>\n\t\t\t\t\t<\/div>\n\t\t<\/section>\n\t\t\t\t<section class=\" elementor-section elementor-top-section elementor-element elementor-element-7e2db60 elementor-section-boxed elementor-section-height-default elementor-section-height-default\" data-id=\"7e2db60\" data-element_type=\"section\">\n\t\t\t\t\t\t<div class=\"elementor-container elementor-column-gap-default\">\n\t\t\t\t\t<div class=\"elementor-column elementor-col-100 elementor-top-column elementor-element elementor-element-383d18f\" data-id=\"383d18f\" data-element_type=\"column\">\n\t\t\t<div class=\"elementor-widget-wrap elementor-element-populated\">\n\t\t\t\t\t\t<div class=\"elementor-element elementor-element-e4c9fd4 elementor-widget elementor-widget-rodio_gallery\" data-id=\"e4c9fd4\" data-element_type=\"widget\" data-widget_type=\"rodio_gallery.default\">\n\t\t\t\t<div class=\"elementor-widget-container\">\n\t\t\t\t\t        <div class=\"gallery-wrapper\">\r\n            <div class=\"gallery\">\r\n                \r\n                <!-- category - start -->\r\n           <!-- <div class=\"row\">\r\n                    <div class=\"col-lg-12\">\r\n                        <div class=\"filter-wrapper\">\r\n                                <ul class=\"filter filter-list\">\r\n        <li>\r\n            <a href=\"#\" data-filter=\"*\" class=\"selected\">\r\n                All            <\/a>\r\n        <\/li>\r\n                    <li>\r\n                <a href=\"#\" data-filter=\".\">\r\n                                    <\/a>\r\n            <\/li>\r\n            <\/ul>\r\n    <select class=\"filter-select\">\r\n        <option value=\"*\" selected data-selected>\r\n            All        <\/option>\r\n                    <option value=\".\">\r\n                            <\/option>\r\n            <\/select>\r\n                            <\/div>\r\n                    <\/div>\r\n                <\/div> -->\r\n                <!-- category - end -->\r\n                \r\n                <!-- gallery content - start -->\r\n                <div class=\"row gallery-row gx-5 gy-lg-5 gy-3\">\r\n                        <div class=\" gallery-item-wrapper col-lg-4\">\r\n        <a href=\"https:\/\/iscomgrup.com\/iscom\/wp-content\/uploads\/2022\/09\/ozel-guvenlik-danismanligi-1.jpg\" class=\"gallery-item rodio-glightbox\">\r\n            <img decoding=\"async\" src=\"https:\/\/iscomgrup.com\/iscom\/wp-content\/uploads\/2022\/09\/ozel-guvenlik-danismanligi-1.jpg\" title=\"ozel-guvenlik-danismanligi-1\" alt=\"ozel-guvenlik-danismanligi-1\" loading=\"lazy\" \/>            <div class=\"hover\">\r\n                <svg xmlns=\"http:\/\/www.w3.org\/2000\/svg\" viewBox=\"0 0 448 512\"><path d=\"M427.8 266.8l-160 176C264.7 446.3 260.3 448 256 448c-3.844 0-7.703-1.375-10.77-4.156c-6.531-5.938-7.016-16.06-1.078-22.59L379.8 272H16c-8.844 0-15.1-7.155-15.1-15.1S7.156 240 16 240h363.8l-135.7-149.3c-5.938-6.531-5.453-16.66 1.078-22.59c6.547-5.906 16.66-5.469 22.61 1.094l160 176C433.4 251.3 433.4 260.7 427.8 266.8z\"\/><\/svg>\r\n            <\/div>\r\n        <\/a>\r\n    <\/div>\r\n        <div class=\" gallery-item-wrapper col-lg-4\">\r\n        <a href=\"https:\/\/iscomgrup.com\/iscom\/wp-content\/uploads\/2022\/09\/ozel-guvenlik-danismanligi-2.jpg\" class=\"gallery-item rodio-glightbox\">\r\n            <img decoding=\"async\" src=\"https:\/\/iscomgrup.com\/iscom\/wp-content\/uploads\/2022\/09\/ozel-guvenlik-danismanligi-2.jpg\" title=\"ozel-guvenlik-danismanligi-2\" alt=\"ozel-guvenlik-danismanligi-2\" loading=\"lazy\" \/>            <div class=\"hover\">\r\n                <svg xmlns=\"http:\/\/www.w3.org\/2000\/svg\" viewBox=\"0 0 448 512\"><path d=\"M427.8 266.8l-160 176C264.7 446.3 260.3 448 256 448c-3.844 0-7.703-1.375-10.77-4.156c-6.531-5.938-7.016-16.06-1.078-22.59L379.8 272H16c-8.844 0-15.1-7.155-15.1-15.1S7.156 240 16 240h363.8l-135.7-149.3c-5.938-6.531-5.453-16.66 1.078-22.59c6.547-5.906 16.66-5.469 22.61 1.094l160 176C433.4 251.3 433.4 260.7 427.8 266.8z\"\/><\/svg>\r\n            <\/div>\r\n        <\/a>\r\n    <\/div>\r\n        <div class=\" gallery-item-wrapper col-lg-4\">\r\n        <a href=\"https:\/\/iscomgrup.com\/iscom\/wp-content\/uploads\/2022\/09\/ozel-guvenlik-danismanligi-3.jpg\" class=\"gallery-item rodio-glightbox\">\r\n            <img decoding=\"async\" src=\"https:\/\/iscomgrup.com\/iscom\/wp-content\/uploads\/2022\/09\/ozel-guvenlik-danismanligi-3.jpg\" title=\"ozel-guvenlik-danismanligi-3\" alt=\"ozel-guvenlik-danismanligi-3\" loading=\"lazy\" \/>            <div class=\"hover\">\r\n                <svg xmlns=\"http:\/\/www.w3.org\/2000\/svg\" viewBox=\"0 0 448 512\"><path d=\"M427.8 266.8l-160 176C264.7 446.3 260.3 448 256 448c-3.844 0-7.703-1.375-10.77-4.156c-6.531-5.938-7.016-16.06-1.078-22.59L379.8 272H16c-8.844 0-15.1-7.155-15.1-15.1S7.156 240 16 240h363.8l-135.7-149.3c-5.938-6.531-5.453-16.66 1.078-22.59c6.547-5.906 16.66-5.469 22.61 1.094l160 176C433.4 251.3 433.4 260.7 427.8 266.8z\"\/><\/svg>\r\n            <\/div>\r\n        <\/a>\r\n    <\/div>\r\n                    <\/div>\r\n                <!-- gallery content - end -->\r\n            <\/div>\r\n        <\/div>\r\n    \t\t\t\t<\/div>\n\t\t\t\t<\/div>\n\t\t\t\t\t<\/div>\n\t\t<\/div>\n\t\t\t\t\t<\/div>\n\t\t<\/section>\n\t\t\t\t<\/div>\n\t\t","protected":false},"excerpt":{"rendered":"<p>\u00d6zel G\u00fcvenlik Dan\u0131\u015fmanl\u0131\u011f\u0131 G\u00fcvenlik dan\u0131\u015fmanl\u0131\u011f\u0131 hizmetimiz, temel olarak kurumunuzun risk analizlerinin yap\u0131lmas\u0131 ve bu analizlerden elde edilen bilgiler do\u011frultusunda g\u00fcvenlik plan\u0131n\u0131n olu\u015fturulup \u00fcst y\u00f6netime sunulmas\u0131 ve gerekli g\u00f6r\u00fclen fiziki ve elektronik g\u00fcvenlik tedbirlerinin al\u0131nmas\u0131 s\u00fcre\u00e7lerini kapsamaktad\u0131r. Fiziki g\u00fcvenli\u011fin yan\u0131 s\u0131ra elektronik g\u00fcvenlik planlamalar\u0131 da g\u00fcn\u00fcm\u00fcz ko\u015fullar\u0131nda b\u00fcy\u00fck \u00f6neme sahiptir. Bu \u00e7er\u00e7evede CCTV kapal\u0131 devre kamera [&hellip;]<\/p>\n","protected":false},"author":1,"featured_media":0,"parent":0,"menu_order":0,"comment_status":"closed","ping_status":"closed","template":"","meta":{"_acf_changed":false,"om_disable_all_campaigns":false,"_monsterinsights_skip_tracking":false,"_monsterinsights_sitenote_active":false,"_monsterinsights_sitenote_note":"","_monsterinsights_sitenote_category":0,"footnotes":""},"class_list":["post-7650","page","type-page","status-publish","hentry"],"acf":[],"aioseo_notices":[],"_links":{"self":[{"href":"https:\/\/iscomgrup.com\/iscom\/wp-json\/wp\/v2\/pages\/7650","targetHints":{"allow":["GET"]}}],"collection":[{"href":"https:\/\/iscomgrup.com\/iscom\/wp-json\/wp\/v2\/pages"}],"about":[{"href":"https:\/\/iscomgrup.com\/iscom\/wp-json\/wp\/v2\/types\/page"}],"author":[{"embeddable":true,"href":"https:\/\/iscomgrup.com\/iscom\/wp-json\/wp\/v2\/users\/1"}],"replies":[{"embeddable":true,"href":"https:\/\/iscomgrup.com\/iscom\/wp-json\/wp\/v2\/comments?post=7650"}],"version-history":[{"count":36,"href":"https:\/\/iscomgrup.com\/iscom\/wp-json\/wp\/v2\/pages\/7650\/revisions"}],"predecessor-version":[{"id":9451,"href":"https:\/\/iscomgrup.com\/iscom\/wp-json\/wp\/v2\/pages\/7650\/revisions\/9451"}],"wp:attachment":[{"href":"https:\/\/iscomgrup.com\/iscom\/wp-json\/wp\/v2\/media?parent=7650"}],"curies":[{"name":"wp","href":"https:\/\/api.w.org\/{rel}","templated":true}]}}