	{"id":7645,"date":"2022-08-15T11:03:57","date_gmt":"2022-08-15T08:03:57","guid":{"rendered":"https:\/\/iscomgrup.com\/iscom\/?page_id=7645"},"modified":"2022-09-21T10:36:17","modified_gmt":"2022-09-21T07:36:17","slug":"ozel-guvenlik","status":"publish","type":"page","link":"https:\/\/iscomgrup.com\/iscom\/ozel-guvenlik\/","title":{"rendered":"\u00d6zel G\u00fcvenlik"},"content":{"rendered":"\t\t<div data-elementor-type=\"wp-page\" data-elementor-id=\"7645\" class=\"elementor elementor-7645\">\n\t\t\t\t\t\t<section class=\" elementor-section elementor-top-section elementor-element elementor-element-48356b8 elementor-section-boxed elementor-section-height-default elementor-section-height-default\" data-id=\"48356b8\" data-element_type=\"section\">\n\t\t\t\t\t\t<div class=\"elementor-container elementor-column-gap-no\">\n\t\t\t\t\t<div class=\"elementor-column elementor-col-100 elementor-top-column elementor-element elementor-element-84e144b\" data-id=\"84e144b\" data-element_type=\"column\">\n\t\t\t<div class=\"elementor-widget-wrap elementor-element-populated\">\n\t\t\t\t\t\t<div class=\"elementor-element elementor-element-17c5b32 elementor-widget elementor-widget-rodio_heading\" data-id=\"17c5b32\" data-element_type=\"widget\" data-widget_type=\"rodio_heading.default\">\n\t\t\t\t<div class=\"elementor-widget-container\">\n\t\t\t\t\t\t<div class=\"heading normal\">\n        \u00d6zel G\u00fcvenlik    <\/div>\n\t\t\t\t\t<\/div>\n\t\t\t\t<\/div>\n\t\t\t\t<div class=\"elementor-element elementor-element-00febd9 elementor-widget elementor-widget-text-editor\" data-id=\"00febd9\" data-element_type=\"widget\" data-widget_type=\"text-editor.default\">\n\t\t\t\t<div class=\"elementor-widget-container\">\n\t\t\t\t\t\t\t\t\t<p>Iscom g\u00fcvenlik hizmetleri personelin; se\u00e7imi ,e\u011fitimi, denetimi hizmet ile ilgili risklerin belirlenmesi ve raporlanmas\u0131, proseslerin belirlenmesi, g\u00f6rev prosed\u00fcr ve talimatlar\u0131n\u0131n olu\u015fturulmas\u0131, yasal s\u00fcre\u00e7lerin takibi olu\u015fturulan d\u00fcr\u00fcst, \u00e7al\u0131\u015fkan, tecr\u00fcbeli ve i\u015finin uzman\u0131 y\u00f6netim kadro yap\u0131s\u0131 ile sa\u011flanmaktad\u0131r. Bununla birlikte tesislerde acil geli\u015fen her t\u00fcrl\u00fc olaya zaman\u0131nda ve do\u011fru m\u00fcdahalelerde bulunan, yerinde ve zaman\u0131nda \u00e7\u00f6z\u00fcm \u00f6nerileri sunan bir anlay\u0131\u015fla hizmet y\u00fcr\u00fct\u00fclmektedir.<\/p>\t\t\t\t\t\t\t\t<\/div>\n\t\t\t\t<\/div>\n\t\t\t\t\t<\/div>\n\t\t<\/div>\n\t\t\t\t\t<\/div>\n\t\t<\/section>\n\t\t\t\t<section class=\" elementor-section elementor-top-section elementor-element elementor-element-5c9296c elementor-section-boxed elementor-section-height-default elementor-section-height-default\" data-id=\"5c9296c\" data-element_type=\"section\">\n\t\t\t\t\t\t<div class=\"elementor-container elementor-column-gap-default\">\n\t\t\t\t\t<div class=\"elementor-column elementor-col-100 elementor-top-column elementor-element elementor-element-d69cd6f\" data-id=\"d69cd6f\" data-element_type=\"column\">\n\t\t\t<div class=\"elementor-widget-wrap elementor-element-populated\">\n\t\t\t\t\t\t<div class=\"elementor-element elementor-element-fbb5fa8 elementor-widget elementor-widget-rodio_gallery\" data-id=\"fbb5fa8\" data-element_type=\"widget\" data-widget_type=\"rodio_gallery.default\">\n\t\t\t\t<div class=\"elementor-widget-container\">\n\t\t\t\t\t        <div class=\"gallery-wrapper\">\r\n            <div class=\"gallery\">\r\n                \r\n                <!-- category - start -->\r\n           <!-- <div class=\"row\">\r\n                    <div class=\"col-lg-12\">\r\n                        <div class=\"filter-wrapper\">\r\n                                <ul class=\"filter filter-list\">\r\n        <li>\r\n            <a href=\"#\" data-filter=\"*\" class=\"selected\">\r\n                All            <\/a>\r\n        <\/li>\r\n                    <li>\r\n                <a href=\"#\" data-filter=\".\">\r\n                                    <\/a>\r\n            <\/li>\r\n            <\/ul>\r\n    <select class=\"filter-select\">\r\n        <option value=\"*\" selected data-selected>\r\n            All        <\/option>\r\n                    <option value=\".\">\r\n                            <\/option>\r\n            <\/select>\r\n                            <\/div>\r\n                    <\/div>\r\n                <\/div> -->\r\n                <!-- category - end -->\r\n                \r\n                <!-- gallery content - start -->\r\n                <div class=\"row gallery-row gx-5 gy-lg-5 gy-3\">\r\n                        <div class=\" gallery-item-wrapper col-lg-4\">\r\n        <a href=\"https:\/\/iscomgrup.com\/iscom\/wp-content\/uploads\/2022\/09\/ozel-guvenlik-hizmeti-1.jpg\" class=\"gallery-item rodio-glightbox\">\r\n            <img decoding=\"async\" src=\"https:\/\/iscomgrup.com\/iscom\/wp-content\/uploads\/2022\/09\/ozel-guvenlik-hizmeti-1.jpg\" title=\"ozel-guvenlik-hizmeti-1\" alt=\"ozel-guvenlik-hizmeti-1\" loading=\"lazy\" \/>            <div class=\"hover\">\r\n                <svg xmlns=\"http:\/\/www.w3.org\/2000\/svg\" viewBox=\"0 0 448 512\"><path d=\"M427.8 266.8l-160 176C264.7 446.3 260.3 448 256 448c-3.844 0-7.703-1.375-10.77-4.156c-6.531-5.938-7.016-16.06-1.078-22.59L379.8 272H16c-8.844 0-15.1-7.155-15.1-15.1S7.156 240 16 240h363.8l-135.7-149.3c-5.938-6.531-5.453-16.66 1.078-22.59c6.547-5.906 16.66-5.469 22.61 1.094l160 176C433.4 251.3 433.4 260.7 427.8 266.8z\"\/><\/svg>\r\n            <\/div>\r\n        <\/a>\r\n    <\/div>\r\n        <div class=\" gallery-item-wrapper col-lg-4\">\r\n        <a href=\"https:\/\/iscomgrup.com\/iscom\/wp-content\/uploads\/2022\/09\/ozel-guvenlik-hizmeti-2.jpg\" class=\"gallery-item rodio-glightbox\">\r\n            <img decoding=\"async\" src=\"https:\/\/iscomgrup.com\/iscom\/wp-content\/uploads\/2022\/09\/ozel-guvenlik-hizmeti-2.jpg\" title=\"ozel-guvenlik-hizmeti-2\" alt=\"ozel-guvenlik-hizmeti-2\" loading=\"lazy\" \/>            <div class=\"hover\">\r\n                <svg xmlns=\"http:\/\/www.w3.org\/2000\/svg\" viewBox=\"0 0 448 512\"><path d=\"M427.8 266.8l-160 176C264.7 446.3 260.3 448 256 448c-3.844 0-7.703-1.375-10.77-4.156c-6.531-5.938-7.016-16.06-1.078-22.59L379.8 272H16c-8.844 0-15.1-7.155-15.1-15.1S7.156 240 16 240h363.8l-135.7-149.3c-5.938-6.531-5.453-16.66 1.078-22.59c6.547-5.906 16.66-5.469 22.61 1.094l160 176C433.4 251.3 433.4 260.7 427.8 266.8z\"\/><\/svg>\r\n            <\/div>\r\n        <\/a>\r\n    <\/div>\r\n        <div class=\" gallery-item-wrapper col-lg-4\">\r\n        <a href=\"https:\/\/iscomgrup.com\/iscom\/wp-content\/uploads\/2022\/09\/ozel-guvenlik-hizmeti-3.jpg\" class=\"gallery-item rodio-glightbox\">\r\n            <img decoding=\"async\" src=\"https:\/\/iscomgrup.com\/iscom\/wp-content\/uploads\/2022\/09\/ozel-guvenlik-hizmeti-3.jpg\" title=\"ozel-guvenlik-hizmeti-3\" alt=\"ozel-guvenlik-hizmeti-3\" loading=\"lazy\" \/>            <div class=\"hover\">\r\n                <svg xmlns=\"http:\/\/www.w3.org\/2000\/svg\" viewBox=\"0 0 448 512\"><path d=\"M427.8 266.8l-160 176C264.7 446.3 260.3 448 256 448c-3.844 0-7.703-1.375-10.77-4.156c-6.531-5.938-7.016-16.06-1.078-22.59L379.8 272H16c-8.844 0-15.1-7.155-15.1-15.1S7.156 240 16 240h363.8l-135.7-149.3c-5.938-6.531-5.453-16.66 1.078-22.59c6.547-5.906 16.66-5.469 22.61 1.094l160 176C433.4 251.3 433.4 260.7 427.8 266.8z\"\/><\/svg>\r\n            <\/div>\r\n        <\/a>\r\n    <\/div>\r\n        <div class=\" gallery-item-wrapper col-lg-4\">\r\n        <a href=\"https:\/\/iscomgrup.com\/iscom\/wp-content\/uploads\/2022\/09\/ozel-guvenlik-hizmeti-4.jpg\" class=\"gallery-item rodio-glightbox\">\r\n            <img decoding=\"async\" src=\"https:\/\/iscomgrup.com\/iscom\/wp-content\/uploads\/2022\/09\/ozel-guvenlik-hizmeti-4.jpg\" title=\"ozel-guvenlik-hizmeti-4\" alt=\"ozel-guvenlik-hizmeti-4\" loading=\"lazy\" \/>            <div class=\"hover\">\r\n                <svg xmlns=\"http:\/\/www.w3.org\/2000\/svg\" viewBox=\"0 0 448 512\"><path d=\"M427.8 266.8l-160 176C264.7 446.3 260.3 448 256 448c-3.844 0-7.703-1.375-10.77-4.156c-6.531-5.938-7.016-16.06-1.078-22.59L379.8 272H16c-8.844 0-15.1-7.155-15.1-15.1S7.156 240 16 240h363.8l-135.7-149.3c-5.938-6.531-5.453-16.66 1.078-22.59c6.547-5.906 16.66-5.469 22.61 1.094l160 176C433.4 251.3 433.4 260.7 427.8 266.8z\"\/><\/svg>\r\n            <\/div>\r\n        <\/a>\r\n    <\/div>\r\n        <div class=\" gallery-item-wrapper col-lg-4\">\r\n        <a href=\"https:\/\/iscomgrup.com\/iscom\/wp-content\/uploads\/2022\/09\/elysium-avm-3.jpg\" class=\"gallery-item rodio-glightbox\">\r\n            <img decoding=\"async\" src=\"https:\/\/iscomgrup.com\/iscom\/wp-content\/uploads\/2022\/09\/elysium-avm-3.jpg\" title=\"elysium-avm-3\" alt=\"elysium-avm-3\" loading=\"lazy\" \/>            <div class=\"hover\">\r\n                <svg xmlns=\"http:\/\/www.w3.org\/2000\/svg\" viewBox=\"0 0 448 512\"><path d=\"M427.8 266.8l-160 176C264.7 446.3 260.3 448 256 448c-3.844 0-7.703-1.375-10.77-4.156c-6.531-5.938-7.016-16.06-1.078-22.59L379.8 272H16c-8.844 0-15.1-7.155-15.1-15.1S7.156 240 16 240h363.8l-135.7-149.3c-5.938-6.531-5.453-16.66 1.078-22.59c6.547-5.906 16.66-5.469 22.61 1.094l160 176C433.4 251.3 433.4 260.7 427.8 266.8z\"\/><\/svg>\r\n            <\/div>\r\n        <\/a>\r\n    <\/div>\r\n        <div class=\" gallery-item-wrapper col-lg-4\">\r\n        <a href=\"https:\/\/iscomgrup.com\/iscom\/wp-content\/uploads\/2022\/09\/elysium-avm-4.jpg\" class=\"gallery-item rodio-glightbox\">\r\n            <img decoding=\"async\" src=\"https:\/\/iscomgrup.com\/iscom\/wp-content\/uploads\/2022\/09\/elysium-avm-4.jpg\" title=\"elysium-avm-4\" alt=\"elysium-avm-4\" loading=\"lazy\" \/>            <div class=\"hover\">\r\n                <svg xmlns=\"http:\/\/www.w3.org\/2000\/svg\" viewBox=\"0 0 448 512\"><path d=\"M427.8 266.8l-160 176C264.7 446.3 260.3 448 256 448c-3.844 0-7.703-1.375-10.77-4.156c-6.531-5.938-7.016-16.06-1.078-22.59L379.8 272H16c-8.844 0-15.1-7.155-15.1-15.1S7.156 240 16 240h363.8l-135.7-149.3c-5.938-6.531-5.453-16.66 1.078-22.59c6.547-5.906 16.66-5.469 22.61 1.094l160 176C433.4 251.3 433.4 260.7 427.8 266.8z\"\/><\/svg>\r\n            <\/div>\r\n        <\/a>\r\n    <\/div>\r\n        <div class=\" gallery-item-wrapper col-lg-4\">\r\n        <a href=\"https:\/\/iscomgrup.com\/iscom\/wp-content\/uploads\/2022\/09\/elysium-avm-6.jpg\" class=\"gallery-item rodio-glightbox\">\r\n            <img decoding=\"async\" src=\"https:\/\/iscomgrup.com\/iscom\/wp-content\/uploads\/2022\/09\/elysium-avm-6.jpg\" title=\"elysium-avm-6\" alt=\"elysium-avm-6\" loading=\"lazy\" \/>            <div class=\"hover\">\r\n                <svg xmlns=\"http:\/\/www.w3.org\/2000\/svg\" viewBox=\"0 0 448 512\"><path d=\"M427.8 266.8l-160 176C264.7 446.3 260.3 448 256 448c-3.844 0-7.703-1.375-10.77-4.156c-6.531-5.938-7.016-16.06-1.078-22.59L379.8 272H16c-8.844 0-15.1-7.155-15.1-15.1S7.156 240 16 240h363.8l-135.7-149.3c-5.938-6.531-5.453-16.66 1.078-22.59c6.547-5.906 16.66-5.469 22.61 1.094l160 176C433.4 251.3 433.4 260.7 427.8 266.8z\"\/><\/svg>\r\n            <\/div>\r\n        <\/a>\r\n    <\/div>\r\n        <div class=\" gallery-item-wrapper col-lg-4\">\r\n        <a href=\"https:\/\/iscomgrup.com\/iscom\/wp-content\/uploads\/2022\/09\/mardian-mall-avm-3.jpg\" class=\"gallery-item rodio-glightbox\">\r\n            <img decoding=\"async\" src=\"https:\/\/iscomgrup.com\/iscom\/wp-content\/uploads\/2022\/09\/mardian-mall-avm-3.jpg\" title=\"mardian-mall-avm-3\" alt=\"mardian-mall-avm-3\" loading=\"lazy\" \/>            <div class=\"hover\">\r\n                <svg xmlns=\"http:\/\/www.w3.org\/2000\/svg\" viewBox=\"0 0 448 512\"><path d=\"M427.8 266.8l-160 176C264.7 446.3 260.3 448 256 448c-3.844 0-7.703-1.375-10.77-4.156c-6.531-5.938-7.016-16.06-1.078-22.59L379.8 272H16c-8.844 0-15.1-7.155-15.1-15.1S7.156 240 16 240h363.8l-135.7-149.3c-5.938-6.531-5.453-16.66 1.078-22.59c6.547-5.906 16.66-5.469 22.61 1.094l160 176C433.4 251.3 433.4 260.7 427.8 266.8z\"\/><\/svg>\r\n            <\/div>\r\n        <\/a>\r\n    <\/div>\r\n        <div class=\" gallery-item-wrapper col-lg-4\">\r\n        <a href=\"https:\/\/iscomgrup.com\/iscom\/wp-content\/uploads\/2022\/09\/mardian-mall-avm-5.jpg\" class=\"gallery-item rodio-glightbox\">\r\n            <img decoding=\"async\" src=\"https:\/\/iscomgrup.com\/iscom\/wp-content\/uploads\/2022\/09\/mardian-mall-avm-5.jpg\" title=\"mardian-mall-avm-5\" alt=\"mardian-mall-avm-5\" loading=\"lazy\" \/>            <div class=\"hover\">\r\n                <svg xmlns=\"http:\/\/www.w3.org\/2000\/svg\" viewBox=\"0 0 448 512\"><path d=\"M427.8 266.8l-160 176C264.7 446.3 260.3 448 256 448c-3.844 0-7.703-1.375-10.77-4.156c-6.531-5.938-7.016-16.06-1.078-22.59L379.8 272H16c-8.844 0-15.1-7.155-15.1-15.1S7.156 240 16 240h363.8l-135.7-149.3c-5.938-6.531-5.453-16.66 1.078-22.59c6.547-5.906 16.66-5.469 22.61 1.094l160 176C433.4 251.3 433.4 260.7 427.8 266.8z\"\/><\/svg>\r\n            <\/div>\r\n        <\/a>\r\n    <\/div>\r\n        <div class=\" gallery-item-wrapper col-lg-4\">\r\n        <a href=\"https:\/\/iscomgrup.com\/iscom\/wp-content\/uploads\/2022\/09\/petrol-city-avm-4.jpg\" class=\"gallery-item rodio-glightbox\">\r\n            <img decoding=\"async\" src=\"https:\/\/iscomgrup.com\/iscom\/wp-content\/uploads\/2022\/09\/petrol-city-avm-4.jpg\" title=\"petrol-city-avm-4\" alt=\"petrol-city-avm-4\" loading=\"lazy\" \/>            <div class=\"hover\">\r\n                <svg xmlns=\"http:\/\/www.w3.org\/2000\/svg\" viewBox=\"0 0 448 512\"><path d=\"M427.8 266.8l-160 176C264.7 446.3 260.3 448 256 448c-3.844 0-7.703-1.375-10.77-4.156c-6.531-5.938-7.016-16.06-1.078-22.59L379.8 272H16c-8.844 0-15.1-7.155-15.1-15.1S7.156 240 16 240h363.8l-135.7-149.3c-5.938-6.531-5.453-16.66 1.078-22.59c6.547-5.906 16.66-5.469 22.61 1.094l160 176C433.4 251.3 433.4 260.7 427.8 266.8z\"\/><\/svg>\r\n            <\/div>\r\n        <\/a>\r\n    <\/div>\r\n        <div class=\" gallery-item-wrapper col-lg-4\">\r\n        <a href=\"https:\/\/iscomgrup.com\/iscom\/wp-content\/uploads\/2022\/09\/petrol-city-avm-7.jpg\" class=\"gallery-item rodio-glightbox\">\r\n            <img decoding=\"async\" src=\"https:\/\/iscomgrup.com\/iscom\/wp-content\/uploads\/2022\/09\/petrol-city-avm-7.jpg\" title=\"petrol-city-avm-7\" alt=\"petrol-city-avm-7\" loading=\"lazy\" \/>            <div class=\"hover\">\r\n                <svg xmlns=\"http:\/\/www.w3.org\/2000\/svg\" viewBox=\"0 0 448 512\"><path d=\"M427.8 266.8l-160 176C264.7 446.3 260.3 448 256 448c-3.844 0-7.703-1.375-10.77-4.156c-6.531-5.938-7.016-16.06-1.078-22.59L379.8 272H16c-8.844 0-15.1-7.155-15.1-15.1S7.156 240 16 240h363.8l-135.7-149.3c-5.938-6.531-5.453-16.66 1.078-22.59c6.547-5.906 16.66-5.469 22.61 1.094l160 176C433.4 251.3 433.4 260.7 427.8 266.8z\"\/><\/svg>\r\n            <\/div>\r\n        <\/a>\r\n    <\/div>\r\n        <div class=\" gallery-item-wrapper col-lg-4\">\r\n        <a href=\"https:\/\/iscomgrup.com\/iscom\/wp-content\/uploads\/2022\/09\/guvenlik-ve-koruma-planlamasi-2.jpg\" class=\"gallery-item rodio-glightbox\">\r\n            <img decoding=\"async\" src=\"https:\/\/iscomgrup.com\/iscom\/wp-content\/uploads\/2022\/09\/guvenlik-ve-koruma-planlamasi-2.jpg\" title=\"guvenlik-ve-koruma-planlamasi-2\" alt=\"guvenlik-ve-koruma-planlamasi-2\" loading=\"lazy\" \/>            <div class=\"hover\">\r\n                <svg xmlns=\"http:\/\/www.w3.org\/2000\/svg\" viewBox=\"0 0 448 512\"><path d=\"M427.8 266.8l-160 176C264.7 446.3 260.3 448 256 448c-3.844 0-7.703-1.375-10.77-4.156c-6.531-5.938-7.016-16.06-1.078-22.59L379.8 272H16c-8.844 0-15.1-7.155-15.1-15.1S7.156 240 16 240h363.8l-135.7-149.3c-5.938-6.531-5.453-16.66 1.078-22.59c6.547-5.906 16.66-5.469 22.61 1.094l160 176C433.4 251.3 433.4 260.7 427.8 266.8z\"\/><\/svg>\r\n            <\/div>\r\n        <\/a>\r\n    <\/div>\r\n                    <\/div>\r\n                <!-- gallery content - end -->\r\n            <\/div>\r\n        <\/div>\r\n    \t\t\t\t<\/div>\n\t\t\t\t<\/div>\n\t\t\t\t\t<\/div>\n\t\t<\/div>\n\t\t\t\t\t<\/div>\n\t\t<\/section>\n\t\t\t\t<\/div>\n\t\t","protected":false},"excerpt":{"rendered":"<p>\u00d6zel G\u00fcvenlik Iscom g\u00fcvenlik hizmetleri personelin; se\u00e7imi ,e\u011fitimi, denetimi hizmet ile ilgili risklerin belirlenmesi ve raporlanmas\u0131, proseslerin belirlenmesi, g\u00f6rev prosed\u00fcr ve talimatlar\u0131n\u0131n olu\u015fturulmas\u0131, yasal s\u00fcre\u00e7lerin takibi olu\u015fturulan d\u00fcr\u00fcst, \u00e7al\u0131\u015fkan, tecr\u00fcbeli ve i\u015finin uzman\u0131 y\u00f6netim kadro yap\u0131s\u0131 ile sa\u011flanmaktad\u0131r. Bununla birlikte tesislerde acil geli\u015fen her t\u00fcrl\u00fc olaya zaman\u0131nda ve do\u011fru m\u00fcdahalelerde bulunan, yerinde ve zaman\u0131nda \u00e7\u00f6z\u00fcm [&hellip;]<\/p>\n","protected":false},"author":1,"featured_media":0,"parent":0,"menu_order":0,"comment_status":"closed","ping_status":"closed","template":"","meta":{"_acf_changed":false,"om_disable_all_campaigns":false,"_monsterinsights_skip_tracking":false,"_monsterinsights_sitenote_active":false,"_monsterinsights_sitenote_note":"","_monsterinsights_sitenote_category":0,"footnotes":""},"class_list":["post-7645","page","type-page","status-publish","hentry"],"acf":[],"aioseo_notices":[],"_links":{"self":[{"href":"https:\/\/iscomgrup.com\/iscom\/wp-json\/wp\/v2\/pages\/7645","targetHints":{"allow":["GET"]}}],"collection":[{"href":"https:\/\/iscomgrup.com\/iscom\/wp-json\/wp\/v2\/pages"}],"about":[{"href":"https:\/\/iscomgrup.com\/iscom\/wp-json\/wp\/v2\/types\/page"}],"author":[{"embeddable":true,"href":"https:\/\/iscomgrup.com\/iscom\/wp-json\/wp\/v2\/users\/1"}],"replies":[{"embeddable":true,"href":"https:\/\/iscomgrup.com\/iscom\/wp-json\/wp\/v2\/comments?post=7645"}],"version-history":[{"count":78,"href":"https:\/\/iscomgrup.com\/iscom\/wp-json\/wp\/v2\/pages\/7645\/revisions"}],"predecessor-version":[{"id":9440,"href":"https:\/\/iscomgrup.com\/iscom\/wp-json\/wp\/v2\/pages\/7645\/revisions\/9440"}],"wp:attachment":[{"href":"https:\/\/iscomgrup.com\/iscom\/wp-json\/wp\/v2\/media?parent=7645"}],"curies":[{"name":"wp","href":"https:\/\/api.w.org\/{rel}","templated":true}]}}