	{"id":5009,"date":"2022-06-22T00:38:08","date_gmt":"2022-06-21T21:38:08","guid":{"rendered":"http:\/\/gfxpartner.com\/rodio\/?page_id=5009"},"modified":"2024-03-05T18:49:35","modified_gmt":"2024-03-05T15:49:35","slug":"iletisim","status":"publish","type":"page","link":"https:\/\/iscomgrup.com\/iscom\/iletisim\/","title":{"rendered":"\u0130leti\u015fim"},"content":{"rendered":"\t\t<div data-elementor-type=\"wp-page\" data-elementor-id=\"5009\" class=\"elementor elementor-5009\">\n\t\t\t\t\t\t<div class=\" elementor-section elementor-top-section elementor-element elementor-element-40970d3 elementor-section-boxed elementor-section-height-default elementor-section-height-default\" data-id=\"40970d3\" data-element_type=\"section\">\n\t\t\t\t\t\t<div class=\"elementor-container elementor-column-gap-default\">\n\t\t\t\t\t<div class=\"elementor-column elementor-col-33 elementor-top-column elementor-element elementor-element-02de43e\" data-id=\"02de43e\" data-element_type=\"column\">\n\t\t\t<div class=\"elementor-widget-wrap\">\n\t\t\t\t\t\t\t<\/div>\n\t\t<\/div>\n\t\t\t\t<div class=\"elementor-column elementor-col-33 elementor-top-column elementor-element elementor-element-be6f29f\" data-id=\"be6f29f\" data-element_type=\"column\">\n\t\t\t<div class=\"elementor-widget-wrap elementor-element-populated\">\n\t\t\t\t\t\t<div class=\" elementor-section elementor-inner-section elementor-element elementor-element-3e031f0 elementor-section-boxed elementor-section-height-default elementor-section-height-default elementor-invisible\" data-id=\"3e031f0\" data-element_type=\"section\" data-settings=\"{&quot;animation&quot;:&quot;fadeInUp&quot;}\">\n\t\t\t\t\t\t<div class=\"elementor-container elementor-column-gap-default\">\n\t\t\t\t\t<div class=\"elementor-column elementor-col-100 elementor-inner-column elementor-element elementor-element-322ec96\" data-id=\"322ec96\" data-element_type=\"column\">\n\t\t\t<div class=\"elementor-widget-wrap elementor-element-populated\">\n\t\t\t\t\t\t<div class=\"elementor-element elementor-element-b45c037 elementor-widget elementor-widget-google_maps\" data-id=\"b45c037\" data-element_type=\"widget\" data-widget_type=\"google_maps.default\">\n\t\t\t\t<div class=\"elementor-widget-container\">\n\t\t\t\t\t\t\t<div class=\"elementor-custom-embed\">\n\t\t\t<iframe loading=\"lazy\"\n\t\t\t\t\tsrc=\"https:\/\/maps.google.com\/maps?q=Diyarbak%C4%B1r%2C%20T%C3%BCrkiye&#038;t=m&#038;z=16&#038;output=embed&#038;iwloc=near\"\n\t\t\t\t\ttitle=\"Diyarbak\u0131r, T\u00fcrkiye\"\n\t\t\t\t\taria-label=\"Diyarbak\u0131r, T\u00fcrkiye\"\n\t\t\t><\/iframe>\n\t\t<\/div>\n\t\t\t\t\t\t<\/div>\n\t\t\t\t<\/div>\n\t\t\t\t\t<\/div>\n\t\t<\/div>\n\t\t\t\t\t<\/div>\n\t\t<\/div>\n\t\t\t\t<div class=\" elementor-section elementor-inner-section elementor-element elementor-element-6276a5c animated-slow elementor-section-boxed elementor-section-height-default elementor-section-height-default elementor-invisible\" data-id=\"6276a5c\" data-element_type=\"section\" data-settings=\"{&quot;animation&quot;:&quot;fadeInUp&quot;}\">\n\t\t\t\t\t\t<div class=\"elementor-container elementor-column-gap-default\">\n\t\t\t\t\t<div class=\"elementor-column elementor-col-50 elementor-inner-column elementor-element elementor-element-139d8b8\" data-id=\"139d8b8\" data-element_type=\"column\">\n\t\t\t<div class=\"elementor-widget-wrap elementor-element-populated\">\n\t\t\t\t\t\t<div class=\"elementor-element elementor-element-aa24e1b elementor-widget__width-initial elementor-widget elementor-widget-rodio_icon_box_alt\" data-id=\"aa24e1b\" data-element_type=\"widget\" data-widget_type=\"rodio_icon_box_alt.default\">\n\t\t\t\t<div class=\"elementor-widget-container\">\n\t\t\t\t\t            <a href=\"tel:04125036037\">\r\n        <div class=\"icon-box-alt\">\r\n        <div class=\"icon-wrapper\">\r\n            <div class=\"icon-inner\">\r\n                <span class=\"icon-svg icon\"><svg xmlns=\"http:\/\/www.w3.org\/2000\/svg\" viewBox=\"0 0 576 512\"><path d=\"M352 320h-32c-17.66 0-32 14.36-32 32v32c0 17.64 14.34 32 32 32h32c17.66 0 32-14.36 32-32v-32c0-17.64-14.34-32-32-32zm0 64h-32v-32h32v32zm0-192h-32c-17.66 0-32 14.36-32 32v32c0 17.64 14.34 32 32 32h32c17.66 0 32-14.36 32-32v-32c0-17.64-14.34-32-32-32zm0 64h-32v-32h32v32zm128 64h-32c-17.66 0-32 14.36-32 32v32c0 17.64 14.34 32 32 32h32c17.66 0 32-14.36 32-32v-32c0-17.64-14.34-32-32-32zm0 64h-32v-32h32v32zm0-192h-32c-17.66 0-32 14.36-32 32v32c0 17.64 14.34 32 32 32h32c17.66 0 32-14.36 32-32v-32c0-17.64-14.34-32-32-32zm0 64h-32v-32h32v32zm32-224H237.06C230.45 13.4 212.87 0 192 0h-64c-20.87 0-38.45 13.4-45.06 32H64C28.65 32 0 60.65 0 96v352c0 35.35 28.65 64 64 64h448c35.35 0 64-28.65 64-64V96c0-35.35-28.65-64-64-64zM320 64h160v64H320V64zM112 48c0-8.82 7.18-16 16-16h64c8.82 0 16 7.18 16 16v336c0 8.82-7.18 16-16 16h-64c-8.82 0-16-7.18-16-16V48zm432 400c0 17.64-14.36 32-32 32H64c-17.64 0-32-14.36-32-32V96c0-17.64 14.36-32 32-32h16v320c0 26.51 21.49 48 48 48h64c26.51 0 48-21.49 48-48V64h48v64c0 17.64 14.34 32 32 32h160c17.66 0 32-14.36 32-32V64c17.64 0 32 14.36 32 32v352z\"><\/path><\/svg><\/span>            <\/div>\r\n        <\/div>\r\n        <div class=\"content\">\r\n            <div class=\"sub\">Telefon<\/div>\r\n            <div class=\"main\">444 1 803<\/div>\r\n        <\/div>\r\n    <\/div>\r\n            <\/a>\r\n        \t\t\t\t<\/div>\n\t\t\t\t<\/div>\n\t\t\t\t\t<\/div>\n\t\t<\/div>\n\t\t\t\t<div class=\"elementor-column elementor-col-50 elementor-inner-column elementor-element elementor-element-0623297\" data-id=\"0623297\" data-element_type=\"column\">\n\t\t\t<div class=\"elementor-widget-wrap elementor-element-populated\">\n\t\t\t\t\t\t<div class=\"elementor-element elementor-element-5b2c21e elementor-widget__width-initial elementor-widget-mobile__width-inherit elementor-widget elementor-widget-rodio_icon_box_alt\" data-id=\"5b2c21e\" data-element_type=\"widget\" data-widget_type=\"rodio_icon_box_alt.default\">\n\t\t\t\t<div class=\"elementor-widget-container\">\n\t\t\t\t\t            <a href=\"mailto:info@iscomgrup.com\">\r\n        <div class=\"icon-box-alt\">\r\n        <div class=\"icon-wrapper\">\r\n            <div class=\"icon-inner\">\r\n                <span class=\"icon-svg icon\"><svg xmlns=\"http:\/\/www.w3.org\/2000\/svg\" viewBox=\"0 0 512 512\"><path d=\"M352 248v-16c0-4.42-3.58-8-8-8H168c-4.42 0-8 3.58-8 8v16c0 4.42 3.58 8 8 8h176c4.42 0 8-3.58 8-8zm-184-56h176c4.42 0 8-3.58 8-8v-16c0-4.42-3.58-8-8-8H168c-4.42 0-8 3.58-8 8v16c0 4.42 3.58 8 8 8zm326.59-27.48c-1.98-1.63-22.19-17.91-46.59-37.53V96c0-17.67-14.33-32-32-32h-46.47c-4.13-3.31-7.71-6.16-10.2-8.14C337.23 38.19 299.44 0 256 0c-43.21 0-80.64 37.72-103.34 55.86-2.53 2.01-6.1 4.87-10.2 8.14H96c-17.67 0-32 14.33-32 32v30.98c-24.52 19.71-44.75 36.01-46.48 37.43A48.002 48.002 0 0 0 0 201.48V464c0 26.51 21.49 48 48 48h416c26.51 0 48-21.49 48-48V201.51c0-14.31-6.38-27.88-17.41-36.99zM256 32c21.77 0 44.64 16.72 63.14 32H192.9c18.53-15.27 41.42-32 63.1-32zM96 96h320v173.35c-32.33 26-65.3 52.44-86.59 69.34-16.85 13.43-50.19 45.68-73.41 45.31-23.21.38-56.56-31.88-73.41-45.32-21.29-16.9-54.24-43.33-86.59-69.34V96zM32 201.48c0-4.8 2.13-9.31 5.84-12.36 1.24-1.02 11.62-9.38 26.16-21.08v75.55c-11.53-9.28-22.51-18.13-32-25.78v-16.33zM480 464c0 8.82-7.18 16-16 16H48c-8.82 0-16-7.18-16-16V258.91c42.75 34.44 99.31 79.92 130.68 104.82 20.49 16.36 56.74 52.53 93.32 52.26 36.45.26 72.27-35.46 93.31-52.26C380.72 338.8 437.24 293.34 480 258.9V464zm0-246.19c-9.62 7.75-20.27 16.34-32 25.79v-75.54c14.44 11.62 24.8 19.97 26.2 21.12 3.69 3.05 5.8 7.54 5.8 12.33v16.3z\"><\/path><\/svg><\/span>            <\/div>\r\n        <\/div>\r\n        <div class=\"content\">\r\n            <div class=\"sub\">E-Posta<\/div>\r\n            <div class=\"main\">info@iscomgrup.com<\/div>\r\n        <\/div>\r\n    <\/div>\r\n            <\/a>\r\n        \t\t\t\t<\/div>\n\t\t\t\t<\/div>\n\t\t\t\t\t<\/div>\n\t\t<\/div>\n\t\t\t\t\t<\/div>\n\t\t<\/div>\n\t\t\t\t\t<\/div>\n\t\t<\/div>\n\t\t\t\t<div class=\"elementor-column elementor-col-33 elementor-top-column elementor-element elementor-element-0c28c2a\" data-id=\"0c28c2a\" data-element_type=\"column\">\n\t\t\t<div class=\"elementor-widget-wrap\">\n\t\t\t\t\t\t\t<\/div>\n\t\t<\/div>\n\t\t\t\t\t<\/div>\n\t\t<\/div>\n\t\t\t\t<section class=\" elementor-section elementor-top-section elementor-element elementor-element-3a17e2b elementor-section-boxed elementor-section-height-default elementor-section-height-default\" data-id=\"3a17e2b\" data-element_type=\"section\">\n\t\t\t\t\t\t<div class=\"elementor-container elementor-column-gap-default\">\n\t\t\t\t\t<div class=\"elementor-column elementor-col-100 elementor-top-column elementor-element elementor-element-ea592a0\" data-id=\"ea592a0\" data-element_type=\"column\">\n\t\t\t<div class=\"elementor-widget-wrap\">\n\t\t\t\t\t\t\t<\/div>\n\t\t<\/div>\n\t\t\t\t\t<\/div>\n\t\t<\/section>\n\t\t\t\t<section class=\" elementor-section elementor-top-section elementor-element elementor-element-3c14283 elementor-section-boxed elementor-section-height-default elementor-section-height-default\" data-id=\"3c14283\" data-element_type=\"section\">\n\t\t\t\t\t\t<div class=\"elementor-container elementor-column-gap-default\">\n\t\t\t\t\t<div class=\"elementor-column elementor-col-25 elementor-top-column elementor-element elementor-element-053a881\" data-id=\"053a881\" data-element_type=\"column\">\n\t\t\t<div class=\"elementor-widget-wrap\">\n\t\t\t\t\t\t\t<\/div>\n\t\t<\/div>\n\t\t\t\t<div class=\"elementor-column elementor-col-25 elementor-top-column elementor-element elementor-element-39f25dd\" data-id=\"39f25dd\" data-element_type=\"column\">\n\t\t\t<div class=\"elementor-widget-wrap elementor-element-populated\">\n\t\t\t\t\t\t<div class=\"elementor-element elementor-element-a317e30 elementor-widget elementor-widget-heading\" data-id=\"a317e30\" data-element_type=\"widget\" data-widget_type=\"heading.default\">\n\t\t\t\t<div class=\"elementor-widget-container\">\n\t\t\t\t\t<h6 class=\"elementor-heading-title elementor-size-default\">Ankara<\/h6>\t\t\t\t<\/div>\n\t\t\t\t<\/div>\n\t\t\t\t<div class=\"elementor-element elementor-element-5f40958 elementor-widget elementor-widget-text-editor\" data-id=\"5f40958\" data-element_type=\"widget\" data-widget_type=\"text-editor.default\">\n\t\t\t\t<div class=\"elementor-widget-container\">\n\t\t\t\t\t\t\t\t\t<p>Vel\u00fcx Ankara \u0130n\u00f6n\u00fc mahallesi 1729. Cadde\u00a0 \u00a0 \u00a0 \u00a0 \u00a0 \u00a0 \u00a0 \u00a0 \u00a0 No: 4\/10-100 Yenimahalle\/ANKARA<\/p>\t\t\t\t\t\t\t\t<\/div>\n\t\t\t\t<\/div>\n\t\t\t\t\t<\/div>\n\t\t<\/div>\n\t\t\t\t<div class=\"elementor-column elementor-col-25 elementor-top-column elementor-element elementor-element-39c91ad\" data-id=\"39c91ad\" data-element_type=\"column\">\n\t\t\t<div class=\"elementor-widget-wrap elementor-element-populated\">\n\t\t\t\t\t\t<div class=\"elementor-element elementor-element-85d3ed9 elementor-widget elementor-widget-heading\" data-id=\"85d3ed9\" data-element_type=\"widget\" data-widget_type=\"heading.default\">\n\t\t\t\t<div class=\"elementor-widget-container\">\n\t\t\t\t\t<h6 class=\"elementor-heading-title elementor-size-default\">Diyarbak\u0131r<\/h6>\t\t\t\t<\/div>\n\t\t\t\t<\/div>\n\t\t\t\t<div class=\"elementor-element elementor-element-1b614a4 elementor-widget elementor-widget-text-editor\" data-id=\"1b614a4\" data-element_type=\"widget\" data-widget_type=\"text-editor.default\">\n\t\t\t\t<div class=\"elementor-widget-container\">\n\t\t\t\t\t\t\t\t\t<p>Mezopotamya mahallesi F\u0131rat bulvar\u0131 no 80\/A Kayap\u0131nar\/D\u0130YARBAKIR<\/p>\t\t\t\t\t\t\t\t<\/div>\n\t\t\t\t<\/div>\n\t\t\t\t\t<\/div>\n\t\t<\/div>\n\t\t\t\t<div class=\"elementor-column elementor-col-25 elementor-top-column elementor-element elementor-element-f77b666\" data-id=\"f77b666\" data-element_type=\"column\">\n\t\t\t<div class=\"elementor-widget-wrap\">\n\t\t\t\t\t\t\t<\/div>\n\t\t<\/div>\n\t\t\t\t\t<\/div>\n\t\t<\/section>\n\t\t\t\t<section class=\" elementor-section elementor-top-section elementor-element elementor-element-d05ae9b elementor-section-boxed elementor-section-height-default elementor-section-height-default\" data-id=\"d05ae9b\" data-element_type=\"section\">\n\t\t\t\t\t\t<div class=\"elementor-container elementor-column-gap-default\">\n\t\t\t\t\t<div class=\"elementor-column elementor-col-33 elementor-top-column elementor-element elementor-element-d498346\" data-id=\"d498346\" data-element_type=\"column\">\n\t\t\t<div class=\"elementor-widget-wrap\">\n\t\t\t\t\t\t\t<\/div>\n\t\t<\/div>\n\t\t\t\t<div class=\"elementor-column elementor-col-33 elementor-top-column elementor-element elementor-element-ede68fd\" data-id=\"ede68fd\" data-element_type=\"column\">\n\t\t\t<div class=\"elementor-widget-wrap elementor-element-populated\">\n\t\t\t\t\t\t<div class=\"elementor-element elementor-element-a1ab1b3 elementor-widget elementor-widget-heading\" data-id=\"a1ab1b3\" data-element_type=\"widget\" data-widget_type=\"heading.default\">\n\t\t\t\t<div class=\"elementor-widget-container\">\n\t\t\t\t\t<h6 class=\"elementor-heading-title elementor-size-default\">E\u011fitim Kurumu<\/h6>\t\t\t\t<\/div>\n\t\t\t\t<\/div>\n\t\t\t\t<div class=\"elementor-element elementor-element-0ffd63b elementor-widget elementor-widget-text-editor\" data-id=\"0ffd63b\" data-element_type=\"widget\" data-widget_type=\"text-editor.default\">\n\t\t\t\t<div class=\"elementor-widget-container\">\n\t\t\t\t\t\t\t\t\t<p>Mezopotamya mahallesi F\u0131rat bulvar\u0131 no 80\/A Kayap\u0131nar\/D\u0130YARBAKIR<\/p>\t\t\t\t\t\t\t\t<\/div>\n\t\t\t\t<\/div>\n\t\t\t\t\t<\/div>\n\t\t<\/div>\n\t\t\t\t<div class=\"elementor-column elementor-col-33 elementor-top-column elementor-element elementor-element-33f10bc\" data-id=\"33f10bc\" data-element_type=\"column\">\n\t\t\t<div class=\"elementor-widget-wrap\">\n\t\t\t\t\t\t\t<\/div>\n\t\t<\/div>\n\t\t\t\t\t<\/div>\n\t\t<\/section>\n\t\t\t\t<div class=\" elementor-section elementor-top-section elementor-element elementor-element-761400c animated-slow elementor-section-boxed elementor-section-height-default elementor-section-height-default elementor-invisible\" data-id=\"761400c\" data-element_type=\"section\" data-settings=\"{&quot;animation&quot;:&quot;fadeInUp&quot;}\">\n\t\t\t\t\t\t<div class=\"elementor-container elementor-column-gap-default\">\n\t\t\t\t\t<div class=\"elementor-column elementor-col-33 elementor-top-column elementor-element elementor-element-341e6d2\" data-id=\"341e6d2\" data-element_type=\"column\">\n\t\t\t<div class=\"elementor-widget-wrap\">\n\t\t\t\t\t\t\t<\/div>\n\t\t<\/div>\n\t\t\t\t<div class=\"elementor-column elementor-col-33 elementor-top-column elementor-element elementor-element-2697ee6\" data-id=\"2697ee6\" data-element_type=\"column\">\n\t\t\t<div class=\"elementor-widget-wrap elementor-element-populated\">\n\t\t\t\t\t\t<div class=\"elementor-element elementor-element-35f9f8d elementor-widget elementor-widget-rodio_heading\" data-id=\"35f9f8d\" data-element_type=\"widget\" data-widget_type=\"rodio_heading.default\">\n\t\t\t\t<div class=\"elementor-widget-container\">\n\t\t\t\t\t\t<div class=\"heading small\">\n        Bize Yaz\u0131n    <\/div>\n\t\t\t\t\t<\/div>\n\t\t\t\t<\/div>\n\t\t\t\t<div class=\"elementor-element elementor-element-9a014d9 elementor-widget elementor-widget-contact_form_rodio\" data-id=\"9a014d9\" data-element_type=\"widget\" data-widget_type=\"contact_form_rodio.default\">\n\t\t\t\t<div class=\"elementor-widget-container\">\n\t\t\t\t\t    <div class=\"contact-form-wrapper\">\r\n      <div class=\"contact-form\">\r\n        \n<div class=\"wpcf7 no-js\" id=\"wpcf7-f5060-o1\" lang=\"en-US\" dir=\"ltr\" data-wpcf7-id=\"5060\">\n<div class=\"screen-reader-response\"><p role=\"status\" aria-live=\"polite\" aria-atomic=\"true\"><\/p> <ul><\/ul><\/div>\n<form action=\"\/iscom\/wp-json\/wp\/v2\/pages\/5009#wpcf7-f5060-o1\" method=\"post\" class=\"wpcf7-form init\" aria-label=\"Contact form\" novalidate=\"novalidate\" data-status=\"init\">\n<div style=\"display: none;\">\n<input type=\"hidden\" name=\"_wpcf7\" value=\"5060\" \/>\n<input type=\"hidden\" name=\"_wpcf7_version\" value=\"6.0.4\" \/>\n<input type=\"hidden\" name=\"_wpcf7_locale\" value=\"en_US\" \/>\n<input type=\"hidden\" name=\"_wpcf7_unit_tag\" value=\"wpcf7-f5060-o1\" \/>\n<input type=\"hidden\" name=\"_wpcf7_container_post\" value=\"0\" \/>\n<input type=\"hidden\" name=\"_wpcf7_posted_data_hash\" value=\"\" \/>\n<\/div>\n<div class=\"row\">\n\t<div class=\"col-lg-6\">\n\t\t<p><span class=\"wpcf7-form-control-wrap\" data-name=\"full-name\"><input size=\"40\" maxlength=\"400\" class=\"wpcf7-form-control wpcf7-text wpcf7-validates-as-required form-control\" aria-required=\"true\" aria-invalid=\"false\" placeholder=\"Ad Soyad\" value=\"\" type=\"text\" name=\"full-name\" \/><\/span>\n\t\t<\/p>\n\t<\/div>\n\t<div class=\"col-lg-6\">\n\t\t<p><span class=\"wpcf7-form-control-wrap\" data-name=\"email\"><input size=\"40\" maxlength=\"400\" class=\"wpcf7-form-control wpcf7-email wpcf7-validates-as-required wpcf7-text wpcf7-validates-as-email form-control\" aria-required=\"true\" aria-invalid=\"false\" placeholder=\"E-Posta\" value=\"\" type=\"email\" name=\"email\" \/><\/span>\n\t\t<\/p>\n\t<\/div>\n\t<div class=\"col-lg-6\">\n\t\t<p><span class=\"wpcf7-form-control-wrap\" data-name=\"phone\"><input size=\"40\" maxlength=\"400\" class=\"wpcf7-form-control wpcf7-tel wpcf7-validates-as-required wpcf7-text wpcf7-validates-as-tel form-control\" aria-required=\"true\" aria-invalid=\"false\" placeholder=\"Telefon\" value=\"\" type=\"tel\" name=\"phone\" \/><\/span>\n\t\t<\/p>\n\t<\/div>\n\t<div class=\"col-lg-6\">\n\t\t<p><span class=\"wpcf7-form-control-wrap\" data-name=\"subject\"><input size=\"40\" maxlength=\"400\" class=\"wpcf7-form-control wpcf7-text wpcf7-validates-as-required form-control\" aria-required=\"true\" aria-invalid=\"false\" placeholder=\"Konu\" value=\"\" type=\"text\" name=\"subject\" \/><\/span>\n\t\t<\/p>\n\t<\/div>\n\t<div class=\"col-lg-12\">\n\t\t<p><span class=\"wpcf7-form-control-wrap\" data-name=\"message\"><textarea cols=\"40\" rows=\"10\" maxlength=\"2000\" class=\"wpcf7-form-control wpcf7-textarea wpcf7-validates-as-required\" aria-required=\"true\" aria-invalid=\"false\" placeholder=\"Mesaj\u0131n\u0131z...\" name=\"message\"><\/textarea><\/span>\n\t\t<\/p>\n\t<\/div>\n\t<div class=\"col-lg-12\">\n\t\t<p><input class=\"wpcf7-form-control wpcf7-submit has-spinner button\" type=\"submit\" value=\"G\u00d6NDER\" \/>\n\t\t<\/p>\n\t<\/div>\n<\/div><div class=\"wpcf7-response-output\" aria-hidden=\"true\"><\/div>\n<\/form>\n<\/div>\n      <\/div>\r\n    <\/div>\t\r\n  \t\t\t\t<\/div>\n\t\t\t\t<\/div>\n\t\t\t\t\t<\/div>\n\t\t<\/div>\n\t\t\t\t<div class=\"elementor-column elementor-col-33 elementor-top-column elementor-element elementor-element-9cc6bf8\" data-id=\"9cc6bf8\" data-element_type=\"column\">\n\t\t\t<div class=\"elementor-widget-wrap\">\n\t\t\t\t\t\t\t<\/div>\n\t\t<\/div>\n\t\t\t\t\t<\/div>\n\t\t<\/div>\n\t\t\t\t<\/div>\n\t\t","protected":false},"excerpt":{"rendered":"<p>Telefon 444 1 803 E-Posta info@iscomgrup.com Ankara Vel\u00fcx Ankara \u0130n\u00f6n\u00fc mahallesi 1729. Cadde\u00a0 \u00a0 \u00a0 \u00a0 \u00a0 \u00a0 \u00a0 \u00a0 \u00a0 No: 4\/10-100 Yenimahalle\/ANKARA Diyarbak\u0131r Mezopotamya mahallesi F\u0131rat bulvar\u0131 no 80\/A Kayap\u0131nar\/D\u0130YARBAKIR E\u011fitim Kurumu Mezopotamya mahallesi F\u0131rat bulvar\u0131 no 80\/A Kayap\u0131nar\/D\u0130YARBAKIR Bize Yaz\u0131n<\/p>\n","protected":false},"author":1,"featured_media":0,"parent":0,"menu_order":0,"comment_status":"closed","ping_status":"closed","template":"","meta":{"_acf_changed":false,"om_disable_all_campaigns":false,"_monsterinsights_skip_tracking":false,"_monsterinsights_sitenote_active":false,"_monsterinsights_sitenote_note":"","_monsterinsights_sitenote_category":0,"footnotes":""},"class_list":["post-5009","page","type-page","status-publish","hentry"],"acf":[],"aioseo_notices":[],"_links":{"self":[{"href":"https:\/\/iscomgrup.com\/iscom\/wp-json\/wp\/v2\/pages\/5009","targetHints":{"allow":["GET"]}}],"collection":[{"href":"https:\/\/iscomgrup.com\/iscom\/wp-json\/wp\/v2\/pages"}],"about":[{"href":"https:\/\/iscomgrup.com\/iscom\/wp-json\/wp\/v2\/types\/page"}],"author":[{"embeddable":true,"href":"https:\/\/iscomgrup.com\/iscom\/wp-json\/wp\/v2\/users\/1"}],"replies":[{"embeddable":true,"href":"https:\/\/iscomgrup.com\/iscom\/wp-json\/wp\/v2\/comments?post=5009"}],"version-history":[{"count":136,"href":"https:\/\/iscomgrup.com\/iscom\/wp-json\/wp\/v2\/pages\/5009\/revisions"}],"predecessor-version":[{"id":9711,"href":"https:\/\/iscomgrup.com\/iscom\/wp-json\/wp\/v2\/pages\/5009\/revisions\/9711"}],"wp:attachment":[{"href":"https:\/\/iscomgrup.com\/iscom\/wp-json\/wp\/v2\/media?parent=5009"}],"curies":[{"name":"wp","href":"https:\/\/api.w.org\/{rel}","templated":true}]}}